{"id":10568,"date":"2021-05-05T16:09:13","date_gmt":"2021-05-05T14:09:13","guid":{"rendered":"https:\/\/badhaus-wiesbaden.de\/?page_id=10568"},"modified":"2024-05-07T15:56:55","modified_gmt":"2024-05-07T13:56:55","slug":"muttertagsangebot","status":"publish","type":"page","link":"https:\/\/badhaus-wiesbaden.de\/en\/muttertagsangebot\/","title":{"rendered":"Mama ist die Beste!"},"content":{"rendered":"<div data-elementor-type=\"wp-page\" data-elementor-id=\"10568\" class=\"elementor elementor-10568\" data-elementor-post-type=\"page\">\n\t\t\t\t\t\t<section class=\"elementor-section elementor-top-section elementor-element elementor-element-bcd8b9b elementor-section-full_width elementor-section-stretched elementor-section-height-min-height elementor-section-height-default elementor-section-items-middle\" data-id=\"bcd8b9b\" data-element_type=\"section\" data-e-type=\"section\" data-settings=\"{&quot;stretch_section&quot;:&quot;section-stretched&quot;,&quot;background_background&quot;:&quot;classic&quot;}\">\n\t\t\t\t\t\t<div class=\"elementor-container elementor-column-gap-default\">\n\t\t\t\t\t<div class=\"elementor-column elementor-col-100 elementor-top-column elementor-element elementor-element-570c7f2\" data-id=\"570c7f2\" data-element_type=\"column\" data-e-type=\"column\">\n\t\t\t<div class=\"elementor-widget-wrap\">\n\t\t\t\t\t\t\t<\/div>\n\t\t<\/div>\n\t\t\t\t\t<\/div>\n\t\t<\/section>\n\t\t\t\t<section class=\"elementor-section elementor-top-section elementor-element elementor-element-0a81d15 elementor-section-boxed elementor-section-height-default elementor-section-height-default\" data-id=\"0a81d15\" data-element_type=\"section\" data-e-type=\"section\">\n\t\t\t\t\t\t<div class=\"elementor-container elementor-column-gap-default\">\n\t\t\t\t\t<div class=\"elementor-column elementor-col-100 elementor-top-column elementor-element elementor-element-e7d791d\" data-id=\"e7d791d\" data-element_type=\"column\" data-e-type=\"column\">\n\t\t\t<div class=\"elementor-widget-wrap elementor-element-populated\">\n\t\t\t\t\t\t<div class=\"elementor-element elementor-element-9503f8f elementor-widget elementor-widget-heading\" data-id=\"9503f8f\" data-element_type=\"widget\" data-e-type=\"widget\" data-widget_type=\"heading.default\">\n\t\t\t\t<div class=\"elementor-widget-container\">\n\t\t\t\t\t<h1 class=\"elementor-heading-title elementor-size-default\">Mama ist die Beste - Unser Relax-Angebot zum Muttertag<\/h1>\t\t\t\t<\/div>\n\t\t\t\t<\/div>\n\t\t\t\t<div class=\"elementor-element elementor-element-2a9128b elementor-widget elementor-widget-lae-portfolio\" data-id=\"2a9128b\" data-element_type=\"widget\" data-e-type=\"widget\" data-settings=\"{&quot;per_line&quot;:&quot;3&quot;,&quot;per_line_tablet&quot;:&quot;2&quot;,&quot;per_line_mobile&quot;:&quot;1&quot;}\" data-widget_type=\"lae-portfolio.default\">\n\t\t\t\t<div class=\"elementor-widget-container\">\n\t\t\t\t\t<div class=\"lae-portfolio-wrap lae-gapless-grid\"><div id=\"lae-portfolio-69e5f4579c997\" class=\"lae-portfolio js-isotope lae-fitRows lae-grid-container lae-classic-skin lae-grid-desktop-3 lae-grid-tablet-2 lae-grid-mobile-1\" data-isotope-options='{ \"itemSelector\": \".lae-portfolio-item\", \"layoutMode\": \"fitRows\", \"originLeft\": true}'><div data-id=\"id-10575\" class=\"lae-grid-item lae-portfolio-item  term-354\"><article id=\"post-10575\" class=\"post-10575 post type-post status-publish format-standard has-post-thumbnail hentry category-muttertag entry has-media owp-thumbs-layout-horizontal owp-btn-normal owp-tabs-layout-section has-no-thumbnails has-product-nav\"><div class=\"lae-project-image\"><a href=\"https:\/\/badhaus-wiesbaden.de\/en\/muttertag\/\"\u030c\u030c><img fetchpriority=\"high\" width=\"1024\" height=\"683\" src=\"https:\/\/badhaus-wiesbaden.de\/wp-content\/uploads\/2021\/05\/Muttertag2021_Produkt-1024x683.jpg\" class=\"lae-image skip-lazy no-lazyload exclude-me a3-notlazy attachment-large size-large\" alt=\"Muttertag2021_Produkt\" title=\"Muttertag2021_Produkt\" data-no-lazy=\"1\" loading=\"eager\" decoding=\"sync\" srcset=\"https:\/\/badhaus-wiesbaden.de\/wp-content\/uploads\/2021\/05\/Muttertag2021_Produkt-1024x683.jpg 1024w, https:\/\/badhaus-wiesbaden.de\/wp-content\/uploads\/2021\/05\/Muttertag2021_Produkt-300x200.jpg 300w, https:\/\/badhaus-wiesbaden.de\/wp-content\/uploads\/2021\/05\/Muttertag2021_Produkt-768x512.jpg 768w, https:\/\/badhaus-wiesbaden.de\/wp-content\/uploads\/2021\/05\/Muttertag2021_Produkt-1536x1024.jpg 1536w, https:\/\/badhaus-wiesbaden.de\/wp-content\/uploads\/2021\/05\/Muttertag2021_Produkt-2048x1366.jpg 2048w, https:\/\/badhaus-wiesbaden.de\/wp-content\/uploads\/2021\/05\/Muttertag2021_Produkt-600x400.jpg 600w, https:\/\/badhaus-wiesbaden.de\/wp-content\/uploads\/2021\/05\/Muttertag2021_Produkt-scaled.jpg 1920w\" sizes=\"(max-width: 1024px) 100vw, 1024px\" \/><\/a><div class=\"lae-image-info\"><div class=\"lae-entry-info\"><h3 class=\"lae-post-title\"><a href=\"https:\/\/badhaus-wiesbaden.de\/en\/muttertag\/\" title=\"Mama ist die Beste!\" rel=\"bookmark\">Mama ist die Beste!<\/a><\/h3><span class=\"lae-terms\"><a href=\"https:\/\/badhaus-wiesbaden.de\/en\/category\/day-spa\/muttertag\/\">Muttertag<\/a><\/span><\/div><\/div><!-- .lae-image-info --><\/div><div class=\"lae-entry-text-wrap\"><h3 class=\"entry-title\"><a href=\"https:\/\/badhaus-wiesbaden.de\/en\/muttertag\/\" title=\"Mama ist die Beste!\" rel=\"bookmark\">Mama ist die Beste!<\/a><\/h3><div class=\"entry-summary\">Mama ist die Beste! Und daf\u00fcr hat Sie sich ein Relax-Paket verdient...\nEntspannung pur im Badhaus mit Begr\u00fc\u00dfungssekt, Rosenbad & R\u00fcckenmassage. <p> <\/p>\n\n<section12>\n  <code12><a href=\"https:\/\/badhaus-wiesbaden.de\/en\/muttertag\/\"> <input type=\"button\" class=\"floated\" id=\"weiter_button\" value=\"details\" \/><\/a><\/code12>\n<\/section12>\n<aside12>\n  <code12>99 \u20ac<\/code12>\n<\/aside12>\n\n<\/div><\/div><\/article><!-- .hentry --><\/div><\/div><!-- .lae-portfolio --><\/div><!-- .lae-portfolio-wrap -->\t\t\t\t<\/div>\n\t\t\t\t<\/div>\n\t\t\t\t\t<\/div>\n\t\t<\/div>\n\t\t\t\t\t<\/div>\n\t\t<\/section>\n\t\t\t\t<\/div>","protected":false},"excerpt":{"rendered":"<p>Mama ist die Beste &#8211; Unser Relax-Angebot zum Muttertag Mama ist die Beste! Muttertag Mama ist die Beste! Mama ist die Beste! Und daf\u00fcr hat Sie sich ein Relax-Paket verdient&#8230; Entspannung pur im Badhaus mit Begr\u00fc\u00dfungssekt, Rosenbad &amp; R\u00fcckenmassage. 99 \u20ac<\/p>","protected":false},"author":990003,"featured_media":0,"parent":0,"menu_order":0,"comment_status":"closed","ping_status":"closed","template":"","meta":{"_monsterinsights_skip_tracking":false,"_monsterinsights_sitenote_active":false,"_monsterinsights_sitenote_note":"","_monsterinsights_sitenote_category":0,"ocean_post_layout":"","ocean_both_sidebars_style":"","ocean_both_sidebars_content_width":0,"ocean_both_sidebars_sidebars_width":0,"ocean_sidebar":"0","ocean_second_sidebar":"0","ocean_disable_margins":"enable","ocean_add_body_class":"","ocean_shortcode_before_top_bar":"","ocean_shortcode_after_top_bar":"","ocean_shortcode_before_header":"","ocean_shortcode_after_header":"","ocean_has_shortcode":"","ocean_shortcode_after_title":"","ocean_shortcode_before_footer_widgets":"","ocean_shortcode_after_footer_widgets":"","ocean_shortcode_before_footer_bottom":"","ocean_shortcode_after_footer_bottom":"","ocean_display_top_bar":"default","ocean_display_header":"default","ocean_header_style":"","ocean_center_header_left_menu":"0","ocean_custom_header_template":"0","ocean_custom_logo":0,"ocean_custom_retina_logo":0,"ocean_custom_logo_max_width":0,"ocean_custom_logo_tablet_max_width":0,"ocean_custom_logo_mobile_max_width":0,"ocean_custom_logo_max_height":0,"ocean_custom_logo_tablet_max_height":0,"ocean_custom_logo_mobile_max_height":0,"ocean_header_custom_menu":"0","ocean_menu_typo_font_family":"0","ocean_menu_typo_font_subset":"","ocean_menu_typo_font_size":0,"ocean_menu_typo_font_size_tablet":0,"ocean_menu_typo_font_size_mobile":0,"ocean_menu_typo_font_size_unit":"px","ocean_menu_typo_font_weight":"","ocean_menu_typo_font_weight_tablet":"","ocean_menu_typo_font_weight_mobile":"","ocean_menu_typo_transform":"","ocean_menu_typo_transform_tablet":"","ocean_menu_typo_transform_mobile":"","ocean_menu_typo_line_height":0,"ocean_menu_typo_line_height_tablet":0,"ocean_menu_typo_line_height_mobile":0,"ocean_menu_typo_line_height_unit":"","ocean_menu_typo_spacing":0,"ocean_menu_typo_spacing_tablet":0,"ocean_menu_typo_spacing_mobile":0,"ocean_menu_typo_spacing_unit":"","ocean_menu_link_color":"","ocean_menu_link_color_hover":"","ocean_menu_link_color_active":"","ocean_menu_link_background":"","ocean_menu_link_hover_background":"","ocean_menu_link_active_background":"","ocean_menu_social_links_bg":"","ocean_menu_social_hover_links_bg":"","ocean_menu_social_links_color":"","ocean_menu_social_hover_links_color":"","ocean_disable_title":"default","ocean_disable_heading":"default","ocean_post_title":"","ocean_post_subheading":"","ocean_post_title_style":"","ocean_post_title_background_color":"","ocean_post_title_background":0,"ocean_post_title_bg_image_position":"","ocean_post_title_bg_image_attachment":"","ocean_post_title_bg_image_repeat":"","ocean_post_title_bg_image_size":"","ocean_post_title_height":0,"ocean_post_title_bg_overlay":0.5,"ocean_post_title_bg_overlay_color":"","ocean_disable_breadcrumbs":"default","ocean_breadcrumbs_color":"","ocean_breadcrumbs_separator_color":"","ocean_breadcrumbs_links_color":"","ocean_breadcrumbs_links_hover_color":"","ocean_display_footer_widgets":"default","ocean_display_footer_bottom":"default","ocean_custom_footer_template":"0","footnotes":""},"class_list":["post-10568","page","type-page","status-publish","hentry","entry","has-media","owp-thumbs-layout-horizontal","owp-btn-normal","owp-tabs-layout-section","has-no-thumbnails","has-product-nav"],"_links":{"self":[{"href":"https:\/\/badhaus-wiesbaden.de\/en\/wp-json\/wp\/v2\/pages\/10568","targetHints":{"allow":["GET"]}}],"collection":[{"href":"https:\/\/badhaus-wiesbaden.de\/en\/wp-json\/wp\/v2\/pages"}],"about":[{"href":"https:\/\/badhaus-wiesbaden.de\/en\/wp-json\/wp\/v2\/types\/page"}],"author":[{"embeddable":true,"href":"https:\/\/badhaus-wiesbaden.de\/en\/wp-json\/wp\/v2\/users\/990003"}],"replies":[{"embeddable":true,"href":"https:\/\/badhaus-wiesbaden.de\/en\/wp-json\/wp\/v2\/comments?post=10568"}],"version-history":[{"count":0,"href":"https:\/\/badhaus-wiesbaden.de\/en\/wp-json\/wp\/v2\/pages\/10568\/revisions"}],"wp:attachment":[{"href":"https:\/\/badhaus-wiesbaden.de\/en\/wp-json\/wp\/v2\/media?parent=10568"}],"curies":[{"name":"wp","href":"https:\/\/api.w.org\/{rel}","templated":true}]}}