{"id":223,"date":"2017-12-05T15:14:32","date_gmt":"2017-12-05T15:14:32","guid":{"rendered":"http:\/\/edema.axiomthemes.com\/?page_id=223"},"modified":"2026-04-13T14:31:56","modified_gmt":"2026-04-13T12:31:56","slug":"termin","status":"publish","type":"page","link":"https:\/\/badhaus-wiesbaden.de\/en\/termin\/","title":{"rendered":"Appointment"},"content":{"rendered":"\t\t<div data-elementor-type=\"wp-page\" data-elementor-id=\"223\" class=\"elementor elementor-223\" data-elementor-post-type=\"page\">\n\t\t\t\t<div class=\"elementor-element elementor-element-a0e7d36 e-flex e-con-boxed e-con e-parent\" data-id=\"a0e7d36\" data-element_type=\"container\" data-e-type=\"container\">\n\t\t\t\t\t<div class=\"e-con-inner\">\n\t\t<div class=\"elementor-element elementor-element-26fe009 e-con-full e-flex e-con e-child\" data-id=\"26fe009\" data-element_type=\"container\" data-e-type=\"container\">\n\t\t\t\t<div class=\"elementor-element elementor-element-73b0482 elementor-view-default elementor-position-block-start elementor-mobile-position-block-start elementor-widget elementor-widget-icon-box\" data-id=\"73b0482\" data-element_type=\"widget\" data-e-type=\"widget\" data-widget_type=\"icon-box.default\">\n\t\t\t\t<div class=\"elementor-widget-container\">\n\t\t\t\t\t\t\t<div class=\"elementor-icon-box-wrapper\">\n\n\t\t\t\t\t\t<div class=\"elementor-icon-box-icon\">\n\t\t\t\t<span  class=\"elementor-icon\">\n\t\t\t\t<i aria-hidden=\"true\" class=\"far fa-calendar-check\"><\/i>\t\t\t\t<\/span>\n\t\t\t<\/div>\n\t\t\t\n\t\t\t\t\t\t<div class=\"elementor-icon-box-content\">\n\n\t\t\t\t\t\t\t\t\t<h3 class=\"elementor-icon-box-title\">\n\t\t\t\t\t\t<span  >\n\t\t\t\t\t\t\ttERMINANFRAGE\t\t\t\t\t\t<\/span>\n\t\t\t\t\t<\/h3>\n\t\t\t\t\n\t\t\t\t\t\t\t\t\t<p class=\"elementor-icon-box-description\">\n\t\t\t\t\t\tFragen Sie hier bequem den Wunsch-Termin f\u00fcr Ihre Behandlung an. Bitte beachten Sie, dass das von Ihnen gew\u00fcnschte Datum und Uhrzeit m\u00f6glicherweise nicht verf\u00fcgbar sind. Wir werden uns mit Ihnen in Verbindung setzen, um Ihre tats\u00e4chlichen Termindaten zu best\u00e4tigen.\t\t\t\t\t<\/p>\n\t\t\t\t\n\t\t\t<\/div>\n\t\t\t\n\t\t<\/div>\n\t\t\t\t\t\t<\/div>\n\t\t\t\t<\/div>\n\t\t\t\t<div class=\"elementor-element elementor-element-63ac2c3 elementor-widget elementor-widget-html\" data-id=\"63ac2c3\" data-element_type=\"widget\" data-e-type=\"widget\" data-widget_type=\"html.default\">\n\t\t\t\t<div class=\"elementor-widget-container\">\n\t\t\t\t\t<script>\r\njQuery(document).on('submit_success', '.elementor-form', function() {\r\n\r\n  var name = jQuery('#form-field-name').val();\r\n  var treatment = jQuery('#form-field-welche').val();\r\n  var date = jQuery('#form-field-kalender').val();\r\n  var time = jQuery('#form-field-Uhrzeit').val();\r\n\r\n  sessionStorage.setItem('booking_name', name);\r\n  sessionStorage.setItem('booking_treatment', treatment);\r\n  sessionStorage.setItem('booking_date', date);\r\n  sessionStorage.setItem('booking_time', time);\r\n\r\n  setTimeout(function() {\r\n    window.location.href =\r\n    'https:\/\/badhaus-wiesbaden.de\/termin-vielen-dank\/';\r\n  }, 300);\r\n\r\n});\r\n<\/script>\t\t\t\t<\/div>\n\t\t\t\t<\/div>\n\t\t\t\t<div class=\"elementor-element elementor-element-d204c6b elementor-button-align-stretch elementor-widget elementor-widget-form\" data-id=\"d204c6b\" data-element_type=\"widget\" data-e-type=\"widget\" data-settings=\"{&quot;step_next_label&quot;:&quot;Next&quot;,&quot;step_previous_label&quot;:&quot;Previous&quot;,&quot;button_width&quot;:&quot;100&quot;,&quot;step_type&quot;:&quot;number_text&quot;,&quot;step_icon_shape&quot;:&quot;circle&quot;}\" data-widget_type=\"form.default\">\n\t\t\t\t<div class=\"elementor-widget-container\">\n\t\t\t\t\t\t\t<form class=\"elementor-form\" method=\"post\" id=\"terminanfrage\" name=\"Terminanfrage\" aria-label=\"Terminanfrage\">\n\t\t\t<input type=\"hidden\" name=\"post_id\" value=\"223\"\/>\n\t\t\t<input type=\"hidden\" name=\"form_id\" value=\"d204c6b\"\/>\n\t\t\t<input type=\"hidden\" name=\"referer_title\" value=\"Termin &bull; Badhaus Wiesbaden\" \/>\n\n\t\t\t\t\t\t\t<input type=\"hidden\" name=\"queried_id\" value=\"223\"\/>\n\t\t\t\n\t\t\t<div class=\"elementor-form-fields-wrapper elementor-labels-above\">\n\t\t\t\t\t\t\t\t<div class=\"elementor-field-type-html elementor-field-group elementor-column elementor-field-group-field_1 elementor-col-100\">\n\t\t\t\t\t<h1><span style=\"color: #9b5816;\">Kontaktinformationen<\/span><\/h1>\t\t\t\t<\/div>\n\t\t\t\t\t\t\t\t<div class=\"elementor-field-type-text elementor-field-group elementor-column elementor-field-group-name elementor-col-33 elementor-field-required elementor-mark-required\">\n\t\t\t\t\t\t\t\t\t\t\t\t<label for=\"form-field-name\" class=\"elementor-field-label\">\n\t\t\t\t\t\t\t\tName\t\t\t\t\t\t\t<\/label>\n\t\t\t\t\t\t\t\t\t\t\t\t\t\t<input size=\"1\" type=\"text\" name=\"form_fields[name]\" id=\"form-field-name\" class=\"elementor-field elementor-size-sm  elementor-field-textual\" placeholder=\"Geben Sie Ihren Namen ein\" required=\"required\">\n\t\t\t\t\t\t\t\t\t\t\t<\/div>\n\t\t\t\t\t\t\t\t<div class=\"elementor-field-type-email elementor-field-group elementor-column elementor-field-group-email elementor-col-33 elementor-field-required elementor-mark-required\">\n\t\t\t\t\t\t\t\t\t\t\t\t<label for=\"form-field-email\" class=\"elementor-field-label\">\n\t\t\t\t\t\t\t\tEmail\t\t\t\t\t\t\t<\/label>\n\t\t\t\t\t\t\t\t\t\t\t\t\t\t<input size=\"1\" type=\"email\" name=\"form_fields[email]\" id=\"form-field-email\" class=\"elementor-field elementor-size-sm  elementor-field-textual\" placeholder=\"Geben Sie Ihre E-Mail-Adresse ein\" required=\"required\">\n\t\t\t\t\t\t\t\t\t\t\t<\/div>\n\t\t\t\t\t\t\t\t<div class=\"elementor-field-type-tel elementor-field-group elementor-column elementor-field-group-telefon elementor-col-33 elementor-field-required elementor-mark-required\">\n\t\t\t\t\t\t\t\t\t\t\t\t<label for=\"form-field-telefon\" class=\"elementor-field-label\">\n\t\t\t\t\t\t\t\tTelefon\t\t\t\t\t\t\t<\/label>\n\t\t\t\t\t\t\t\t<input size=\"1\" type=\"tel\" name=\"form_fields[telefon]\" id=\"form-field-telefon\" class=\"elementor-field elementor-size-sm  elementor-field-textual\" placeholder=\"Geben Sie Ihre Telefonnummer ein\" required=\"required\" pattern=\"[0-9()#&amp;+*-=.]+\" title=\"Nur Nummern oder Telefon-Zeichen (#, -, *, etc) werden akzeptiert.\">\n\n\t\t\t\t\t\t<\/div>\n\t\t\t\t\t\t\t\t<div class=\"elementor-field-type-html elementor-field-group elementor-column elementor-field-group-field_1 elementor-col-100\">\n\t\t\t\t\t<h1><span style=\"color: #9b5816;\">Termindetails<\/span><\/h1>\t\t\t\t<\/div>\n\t\t\t\t\t\t\t\t<div class=\"elementor-field-type-date elementor-field-group elementor-column elementor-field-group-kalender elementor-col-33\">\n\t\t\t\t\t\t\t\t\t\t\t\t<label for=\"form-field-kalender\" class=\"elementor-field-label\">\n\t\t\t\t\t\t\t\tKalender\t\t\t\t\t\t\t<\/label>\n\t\t\t\t\t\t\n\t\t<input type=\"date\" name=\"form_fields[kalender]\" id=\"form-field-kalender\" class=\"elementor-field elementor-size-sm  elementor-field-textual elementor-date-field\" placeholder=\"Datum\" pattern=\"[0-9]{4}-[0-9]{2}-[0-9]{2}\">\n\t\t\t\t\t\t<\/div>\n\t\t\t\t\t\t\t\t<div class=\"elementor-field-type-time elementor-field-group elementor-column elementor-field-group-Uhrzeit elementor-col-33\">\n\t\t\t\t\t\t\t\t\t\t\t\t<label for=\"form-field-Uhrzeit\" class=\"elementor-field-label\">\n\t\t\t\t\t\t\t\tUhrzeit\t\t\t\t\t\t\t<\/label>\n\t\t\t\t\t\t\t\t<input type=\"time\" name=\"form_fields[Uhrzeit]\" id=\"form-field-Uhrzeit\" class=\"elementor-field elementor-size-sm  elementor-field-textual elementor-time-field\" placeholder=\"Zeit\">\n\t\t\t\t\t\t<\/div>\n\t\t\t\t\t\t\t\t<div class=\"elementor-field-type-select elementor-field-group elementor-column elementor-field-group-welche elementor-col-33 elementor-field-required elementor-mark-required\">\n\t\t\t\t\t\t\t\t\t\t\t\t<label for=\"form-field-welche\" class=\"elementor-field-label\">\n\t\t\t\t\t\t\t\tWelche Behandlung m\u00f6chten Sie anfragen?\t\t\t\t\t\t\t<\/label>\n\t\t\t\t\t\t\t\t<div class=\"elementor-field elementor-select-wrapper remove-before \">\n\t\t\t<div class=\"select-caret-down-wrapper\">\n\t\t\t\t<i aria-hidden=\"true\" class=\"eicon-caret-down\"><\/i>\t\t\t<\/div>\n\t\t\t<select name=\"form_fields[welche]\" id=\"form-field-welche\" class=\"elementor-field-textual elementor-size-sm\" required=\"required\">\n\t\t\t\t\t\t\t\t\t<option value=\"Allgemeine Frage\">Allgemeine Frage<\/option>\n\t\t\t\t\t\t\t\t\t<option value=\"Eintritt Pool- &amp; SPA-Area \u2013 1 h (15,00 \u20ac)\">Eintritt Pool- &amp; SPA-Area \u2013 1 h (15,00 \u20ac)<\/option>\n\t\t\t\t\t\t\t\t\t<option value=\"Eintritt Pool- &amp; SPA-Area \u2013 3 h (27,00 \u20ac)\">Eintritt Pool- &amp; SPA-Area \u2013 3 h (27,00 \u20ac)<\/option>\n\t\t\t\t\t\t\t\t\t<option value=\"Private Spa \u2013 3 Stunden, Freitag-Sonntag (279,00 \u20ac)\">Private Spa \u2013 3 Stunden, Freitag-Sonntag (279,00 \u20ac)<\/option>\n\t\t\t\t\t\t\t\t\t<option value=\"Private Spa \u2013 3 Stunden, Montag-Donnerstag (239,00 \u20ac)\">Private Spa \u2013 3 Stunden, Montag-Donnerstag (239,00 \u20ac)<\/option>\n\t\t\t\t\t\t\t\t\t<option value=\"Algenbad (39,00 \u20ac)\">Algenbad (39,00 \u20ac)<\/option>\n\t\t\t\t\t\t\t\t\t<option value=\"Algen-Gr\u00fcntee-Packung (39,00 \u20ac)\">Algen-Gr\u00fcntee-Packung (39,00 \u20ac)<\/option>\n\t\t\t\t\t\t\t\t\t<option value=\"Aroma\u00f6l-Massage 25 Minuten (50,00 \u20ac)\">Aroma\u00f6l-Massage 25 Minuten (50,00 \u20ac)<\/option>\n\t\t\t\t\t\t\t\t\t<option value=\"Aroma\u00f6l-Massage 55 Minuten (75,00 \u20ac)\">Aroma\u00f6l-Massage 55 Minuten (75,00 \u20ac)<\/option>\n\t\t\t\t\t\t\t\t\t<option value=\"Badhaus Kleine Pause (105,00 \u20ac)\">Badhaus Kleine Pause (105,00 \u20ac)<\/option>\n\t\t\t\t\t\t\t\t\t<option value=\"Badhaus ManSpecial (117,00 \u20ac)\">Badhaus ManSpecial (117,00 \u20ac)<\/option>\n\t\t\t\t\t\t\t\t\t<option value=\"Classic Facial Treatment (135,00 \u20ac)\">Classic Facial Treatment (135,00 \u20ac)<\/option>\n\t\t\t\t\t\t\t\t\t<option value=\"Deluxe-Massage mit Massagekerze 55 Minuten (100,00 \u20ac)\">Deluxe-Massage mit Massagekerze 55 Minuten (100,00 \u20ac)<\/option>\n\t\t\t\t\t\t\t\t\t<option value=\"Deluxe-Massage mit Massagekerze 80 Minuten (125,00 \u20ac)\">Deluxe-Massage mit Massagekerze 80 Minuten (125,00 \u20ac)<\/option>\n\t\t\t\t\t\t\t\t\t<option value=\"Doppelpack f\u00fcr Romantiker R\u00fcckenmassage (198,00 \u20ac)\">Doppelpack f\u00fcr Romantiker R\u00fcckenmassage (198,00 \u20ac)<\/option>\n\t\t\t\t\t\t\t\t\t<option value=\"Doppelpack f\u00fcr Romantiker Ganzk\u00f6rpermassage (248,00 \u20ac)\">Doppelpack f\u00fcr Romantiker Ganzk\u00f6rpermassage (248,00 \u20ac)<\/option>\n\t\t\t\t\t\t\t\t\t<option value=\"Ein Tag im Badhaus Tagesarrangement (295,00 \u20ac)\">Ein Tag im Badhaus Tagesarrangement (295,00 \u20ac)<\/option>\n\t\t\t\t\t\t\t\t\t<option value=\"Fu\u00dfmassage (45,00 \u20ac)\">Fu\u00dfmassage (45,00 \u20ac)<\/option>\n\t\t\t\t\t\t\t\t\t<option value=\"Honig-Mandel-Milchbad (39,00 \u20ac)\">Honig-Mandel-Milchbad (39,00 \u20ac)<\/option>\n\t\t\t\t\t\t\t\t\t<option value=\"Klare Momente Tagesarrangement (199,00 \u20ac)\">Klare Momente Tagesarrangement (199,00 \u20ac)<\/option>\n\t\t\t\t\t\t\t\t\t<option value=\"Kochbrunnenbad (39,00 \u20ac)\">Kochbrunnenbad (39,00 \u20ac)<\/option>\n\t\t\t\t\t\t\t\t\t<option value=\"Luxury Facial Treatment (185,00 \u20ac)\">Luxury Facial Treatment (185,00 \u20ac)<\/option>\n\t\t\t\t\t\t\t\t\t<option value=\"Microdermabrasion Behandlung (150,00 \u20ac)\">Microdermabrasion Behandlung (150,00 \u20ac)<\/option>\n\t\t\t\t\t\t\t\t\t<option value=\"Microneedeling-Behandlung (180,00 \u20ac)\">Microneedeling-Behandlung (180,00 \u20ac)<\/option>\n\t\t\t\t\t\t\t\t\t<option value=\"Romantisches Rosensalzbad (45,00 \u20ac)\">Romantisches Rosensalzbad (45,00 \u20ac)<\/option>\n\t\t\t\t\t\t\t\t\t<option value=\"Romantisches Rosensalzbad f\u00fcr zwei Personen (65,00 \u20ac)\">Romantisches Rosensalzbad f\u00fcr zwei Personen (65,00 \u20ac)<\/option>\n\t\t\t\t\t\t\t\t\t<option value=\"Rosensalz-\u00d6lpeeling (45,00 \u20ac)\">Rosensalz-\u00d6lpeeling (45,00 \u20ac)<\/option>\n\t\t\t\t\t\t\t\t\t<option value=\"Sch\u00f6ne Auszeit Tagesarrangement (209,00 \u20ac)\">Sch\u00f6ne Auszeit Tagesarrangement (209,00 \u20ac)<\/option>\n\t\t\t\t\t\t\t\t\t<option value=\"Schwedische Massage 25 Minuten (52,00 \u20ac)\">Schwedische Massage 25 Minuten (52,00 \u20ac)<\/option>\n\t\t\t\t\t\t\t\t\t<option value=\"Schwedische Massage 55 Minuten (78,00 \u20ac)\">Schwedische Massage 55 Minuten (78,00 \u20ac)<\/option>\n\t\t\t\t\t\t\t\t\t<option value=\"Steinmassage 55 Minuten (95,00 \u20ac)\">Steinmassage 55 Minuten (95,00 \u20ac)<\/option>\n\t\t\t\t\t\t\t\t\t<option value=\"Steinmassage 80 Minuten (125,00 \u20ac)\">Steinmassage 80 Minuten (125,00 \u20ac)<\/option>\n\t\t\t\t\t\t\t\t\t<option value=\"Teenager Facial Treatment (100,00 \u20ac)\">Teenager Facial Treatment (100,00 \u20ac)<\/option>\n\t\t\t\t\t\t\t\t\t<option value=\"Totes Meer-Peeling (39,00 \u20ac)\">Totes Meer-Peeling (39,00 \u20ac)<\/option>\n\t\t\t\t\t\t\t\t\t<option value=\"Wiesbaden &amp; \u201eMee(h)r\u201c  Tagesarrangement (159,00 \u20ac)\">Wiesbaden &amp; \u201eMee(h)r\u201c  Tagesarrangement (159,00 \u20ac)<\/option>\n\t\t\t\t\t\t\t\t\t<option value=\"Ziegenbutter-Packung (39,00 \u20ac)\">Ziegenbutter-Packung (39,00 \u20ac)<\/option>\n\t\t\t\t\t\t\t<\/select>\n\t\t<\/div>\n\t\t\t\t\t\t<\/div>\n\t\t\t\t\t\t\t\t<div class=\"elementor-field-type-text elementor-field-group elementor-column elementor-field-group-gutschein elementor-col-100\">\n\t\t\t\t\t\t\t\t\t\t\t\t<label for=\"form-field-gutschein\" class=\"elementor-field-label\">\n\t\t\t\t\t\t\t\tIch besitze einen Gutschein\t\t\t\t\t\t\t<\/label>\n\t\t\t\t\t\t\t\t\t\t\t\t\t\t<input size=\"1\" type=\"text\" name=\"form_fields[gutschein]\" id=\"form-field-gutschein\" class=\"elementor-field elementor-size-sm  elementor-field-textual\" placeholder=\"Hier bitte Gutschein-Nummer eintragen\">\n\t\t\t\t\t\t\t\t\t\t\t<\/div>\n\t\t\t\t\t\t\t\t<div class=\"elementor-field-type-textarea elementor-field-group elementor-column elementor-field-group-nachricht elementor-col-100 elementor-field-required elementor-mark-required\">\n\t\t\t\t\t\t\t\t\t\t\t\t<label for=\"form-field-nachricht\" class=\"elementor-field-label\">\n\t\t\t\t\t\t\t\tNachricht\t\t\t\t\t\t\t<\/label>\n\t\t\t\t\t\t<textarea class=\"elementor-field-textual elementor-field  elementor-size-sm\" name=\"form_fields[nachricht]\" id=\"form-field-nachricht\" rows=\"4\" placeholder=\"Geben Sie Ihre Kommentare oder Fragen ein\" required=\"required\"><\/textarea>\t\t\t\t<\/div>\n\t\t\t\t\t\t\t\t<div class=\"elementor-field-type-text\">\n\t\t\t\t\t<input size=\"1\" type=\"text\" name=\"form_fields[field_3]\" id=\"form-field-field_3\" class=\"elementor-field elementor-size-sm \" style=\"display:none !important;\">\t\t\t\t<\/div>\n\t\t\t\t\t\t\t\t<div class=\"elementor-field-type-recaptcha_v3 elementor-field-group elementor-column elementor-field-group-field_76c94d8 elementor-col-100 recaptcha_v3-bottomright\">\n\t\t\t\t\t<div class=\"elementor-field\" id=\"form-field-field_76c94d8\"><div class=\"elementor-g-recaptcha\" data-sitekey=\"6LfqcOIZAAAAAGnL0oRPgDNf0RaAGsfa8Avmhz9q\" data-type=\"v3\" data-action=\"Form\" data-badge=\"bottomright\" data-size=\"invisible\"><\/div><\/div>\t\t\t\t<\/div>\n\t\t\t\t\t\t\t\t<div class=\"elementor-field-type-acceptance elementor-field-group elementor-column elementor-field-group-zustimmung elementor-col-100 elementor-field-required elementor-mark-required\">\n\t\t\t\t\t\t\t\t\t\t\t\t<label for=\"form-field-zustimmung\" class=\"elementor-field-label\">\n\t\t\t\t\t\t\t\tZustimmung\t\t\t\t\t\t\t<\/label>\n\t\t\t\t\t\t\t\t<div class=\"elementor-field-subgroup\">\n\t\t\t<span class=\"elementor-field-option\">\n\t\t\t\t<input type=\"checkbox\" name=\"form_fields[zustimmung]\" id=\"form-field-zustimmung\" class=\"elementor-field elementor-size-sm  elementor-acceptance-field\" required=\"required\">\n\t\t\t\t<label for=\"form-field-zustimmung\">Ja ich stimme den <a href=\"https:\/\/badhaus-wiesbaden.de\/datenschutzerklaerung\/\">Datenschutzbestimmungen<\/a> zu.<\/label>\t\t\t<\/span>\n\t\t<\/div>\n\t\t\t\t\t\t<\/div>\n\t\t\t\t\t\t\t\t<div class=\"elementor-field-group elementor-column elementor-field-type-submit elementor-col-100 e-form__buttons\">\n\t\t\t\t\t<button class=\"elementor-button elementor-size-sm\" type=\"submit\">\n\t\t\t\t\t\t<span class=\"elementor-button-content-wrapper\">\n\t\t\t\t\t\t\t\t\t\t\t\t\t\t\t\t\t\t\t\t\t\t<span class=\"elementor-button-text\">Terminanfrage senden<\/span>\n\t\t\t\t\t\t\t\t\t\t\t\t\t<\/span>\n\t\t\t\t\t<\/button>\n\t\t\t\t<\/div>\n\t\t\t<\/div>\n\t\t<\/form>\n\t\t\t\t\t\t<\/div>\n\t\t\t\t<\/div>\n\t\t\t\t<div class=\"elementor-element elementor-element-ecb7caf elementor-widget elementor-widget-html\" data-id=\"ecb7caf\" data-element_type=\"widget\" data-e-type=\"widget\" data-widget_type=\"html.default\">\n\t\t\t\t<div class=\"elementor-widget-container\">\n\t\t\t\t\t<!-- Google Tag Manager -->\r\n<script>(function(w,d,s,l,i){w[l]=w[l]||[];w[l].push({'gtm.start':\r\nnew Date().getTime(),event:'gtm.js'});var f=d.getElementsByTagName(s)[0],\r\nj=d.createElement(s),dl=l!='dataLayer'?'&l='+l:'';j.async=true;j.src=\r\n'https:\/\/www.googletagmanager.com\/gtm.js?id='+i+dl;f.parentNode.insertBefore(j,f);\r\n})(window,document,'script','dataLayer','GTM-N63TNQPC');<\/script>\r\n<!-- End Google Tag Manager -->\t\t\t\t<\/div>\n\t\t\t\t<\/div>\n\t\t\t\t<div class=\"elementor-element elementor-element-57441a7 elementor-widget elementor-widget-html\" data-id=\"57441a7\" data-element_type=\"widget\" data-e-type=\"widget\" data-widget_type=\"html.default\">\n\t\t\t\t<div class=\"elementor-widget-container\">\n\t\t\t\t\t<!-- Google Tag Manager (noscript) -->\r\n<noscript><iframe src=\"https:\/\/www.googletagmanager.com\/ns.html?id=GTM-N63TNQPC\"\r\nheight=\"0\" width=\"0\" style=\"display:none;visibility:hidden\"><\/iframe><\/noscript>\r\n<!-- End Google Tag Manager (noscript) -->\t\t\t\t<\/div>\n\t\t\t\t<\/div>\n\t\t\t\t<\/div>\n\t\t\t\t\t<\/div>\n\t\t\t\t<\/div>\n\t\t\t\t<\/div>\n\t\t","protected":false},"excerpt":{"rendered":"<p>tERMINANFRAGE Fragen Sie hier bequem den Wunsch-Termin f\u00fcr Ihre Behandlung an. Bitte beachten Sie, dass das von Ihnen gew\u00fcnschte Datum und Uhrzeit m\u00f6glicherweise nicht verf\u00fcgbar sind. Wir werden uns mit Ihnen in Verbindung setzen, um Ihre tats\u00e4chlichen Termindaten zu best\u00e4tigen.<\/p>","protected":false},"author":2,"featured_media":0,"parent":0,"menu_order":0,"comment_status":"closed","ping_status":"closed","template":"","meta":{"_monsterinsights_skip_tracking":false,"_monsterinsights_sitenote_active":false,"_monsterinsights_sitenote_note":"","_monsterinsights_sitenote_category":0,"ocean_post_layout":"","ocean_both_sidebars_style":"","ocean_both_sidebars_content_width":0,"ocean_both_sidebars_sidebars_width":0,"ocean_sidebar":"","ocean_second_sidebar":"","ocean_disable_margins":"enable","ocean_add_body_class":"","ocean_shortcode_before_top_bar":"","ocean_shortcode_after_top_bar":"","ocean_shortcode_before_header":"","ocean_shortcode_after_header":"","ocean_has_shortcode":"","ocean_shortcode_after_title":"","ocean_shortcode_before_footer_widgets":"","ocean_shortcode_after_footer_widgets":"","ocean_shortcode_before_footer_bottom":"","ocean_shortcode_after_footer_bottom":"","ocean_display_top_bar":"default","ocean_display_header":"default","ocean_header_style":"","ocean_center_header_left_menu":"","ocean_custom_header_template":"","ocean_custom_logo":0,"ocean_custom_retina_logo":0,"ocean_custom_logo_max_width":0,"ocean_custom_logo_tablet_max_width":0,"ocean_custom_logo_mobile_max_width":0,"ocean_custom_logo_max_height":0,"ocean_custom_logo_tablet_max_height":0,"ocean_custom_logo_mobile_max_height":0,"ocean_header_custom_menu":"","ocean_menu_typo_font_family":"","ocean_menu_typo_font_subset":"","ocean_menu_typo_font_size":0,"ocean_menu_typo_font_size_tablet":0,"ocean_menu_typo_font_size_mobile":0,"ocean_menu_typo_font_size_unit":"px","ocean_menu_typo_font_weight":"","ocean_menu_typo_font_weight_tablet":"","ocean_menu_typo_font_weight_mobile":"","ocean_menu_typo_transform":"","ocean_menu_typo_transform_tablet":"","ocean_menu_typo_transform_mobile":"","ocean_menu_typo_line_height":0,"ocean_menu_typo_line_height_tablet":0,"ocean_menu_typo_line_height_mobile":0,"ocean_menu_typo_line_height_unit":"","ocean_menu_typo_spacing":0,"ocean_menu_typo_spacing_tablet":0,"ocean_menu_typo_spacing_mobile":0,"ocean_menu_typo_spacing_unit":"","ocean_menu_link_color":"","ocean_menu_link_color_hover":"","ocean_menu_link_color_active":"","ocean_menu_link_background":"","ocean_menu_link_hover_background":"","ocean_menu_link_active_background":"","ocean_menu_social_links_bg":"","ocean_menu_social_hover_links_bg":"","ocean_menu_social_links_color":"","ocean_menu_social_hover_links_color":"","ocean_disable_title":"default","ocean_disable_heading":"default","ocean_post_title":"","ocean_post_subheading":"","ocean_post_title_style":"","ocean_post_title_background_color":"","ocean_post_title_background":0,"ocean_post_title_bg_image_position":"","ocean_post_title_bg_image_attachment":"","ocean_post_title_bg_image_repeat":"","ocean_post_title_bg_image_size":"","ocean_post_title_height":0,"ocean_post_title_bg_overlay":0.5,"ocean_post_title_bg_overlay_color":"","ocean_disable_breadcrumbs":"default","ocean_breadcrumbs_color":"","ocean_breadcrumbs_separator_color":"","ocean_breadcrumbs_links_color":"","ocean_breadcrumbs_links_hover_color":"","ocean_display_footer_widgets":"default","ocean_display_footer_bottom":"default","ocean_custom_footer_template":"","footnotes":""},"class_list":["post-223","page","type-page","status-publish","hentry","entry","owp-thumbs-layout-horizontal","owp-btn-normal","owp-tabs-layout-section","has-no-thumbnails","has-product-nav"],"_links":{"self":[{"href":"https:\/\/badhaus-wiesbaden.de\/en\/wp-json\/wp\/v2\/pages\/223","targetHints":{"allow":["GET"]}}],"collection":[{"href":"https:\/\/badhaus-wiesbaden.de\/en\/wp-json\/wp\/v2\/pages"}],"about":[{"href":"https:\/\/badhaus-wiesbaden.de\/en\/wp-json\/wp\/v2\/types\/page"}],"author":[{"embeddable":true,"href":"https:\/\/badhaus-wiesbaden.de\/en\/wp-json\/wp\/v2\/users\/2"}],"replies":[{"embeddable":true,"href":"https:\/\/badhaus-wiesbaden.de\/en\/wp-json\/wp\/v2\/comments?post=223"}],"version-history":[{"count":21,"href":"https:\/\/badhaus-wiesbaden.de\/en\/wp-json\/wp\/v2\/pages\/223\/revisions"}],"predecessor-version":[{"id":28987,"href":"https:\/\/badhaus-wiesbaden.de\/en\/wp-json\/wp\/v2\/pages\/223\/revisions\/28987"}],"wp:attachment":[{"href":"https:\/\/badhaus-wiesbaden.de\/en\/wp-json\/wp\/v2\/media?parent=223"}],"curies":[{"name":"wp","href":"https:\/\/api.w.org\/{rel}","templated":true}]}}