{"id":22919,"date":"2024-10-21T08:38:35","date_gmt":"2024-10-21T06:38:35","guid":{"rendered":"https:\/\/badhaus-wiesbaden.de\/?page_id=22919"},"modified":"2024-11-07T13:41:18","modified_gmt":"2024-11-07T12:41:18","slug":"aktuelles","status":"publish","type":"page","link":"https:\/\/badhaus-wiesbaden.de\/en\/home\/aktuelles\/","title":{"rendered":"Aktuelles"},"content":{"rendered":"<div data-elementor-type=\"wp-page\" data-elementor-id=\"22919\" class=\"elementor elementor-22919\" data-elementor-post-type=\"page\">\n\t\t\t\t\t\t<section class=\"elementor-section elementor-top-section elementor-element elementor-element-a1f22e9 elementor-section-full_width elementor-section-stretched elementor-section-height-min-height elementor-section-height-default elementor-section-items-middle\" data-id=\"a1f22e9\" data-element_type=\"section\" data-e-type=\"section\" data-settings=\"{&quot;stretch_section&quot;:&quot;section-stretched&quot;,&quot;background_background&quot;:&quot;classic&quot;}\">\n\t\t\t\t\t\t<div class=\"elementor-container elementor-column-gap-default\">\n\t\t\t\t\t<div class=\"elementor-column elementor-col-100 elementor-top-column elementor-element elementor-element-ffa9ce5\" data-id=\"ffa9ce5\" data-element_type=\"column\" data-e-type=\"column\">\n\t\t\t<div class=\"elementor-widget-wrap\">\n\t\t\t\t\t\t\t<\/div>\n\t\t<\/div>\n\t\t\t\t\t<\/div>\n\t\t<\/section>\n\t\t\t\t<section class=\"elementor-section elementor-top-section elementor-element elementor-element-7535dcc elementor-section-boxed elementor-section-height-default elementor-section-height-default\" data-id=\"7535dcc\" data-element_type=\"section\" data-e-type=\"section\">\n\t\t\t\t\t\t<div class=\"elementor-container elementor-column-gap-default\">\n\t\t\t\t\t<div class=\"elementor-column elementor-col-100 elementor-top-column elementor-element elementor-element-55982cc\" data-id=\"55982cc\" data-element_type=\"column\" data-e-type=\"column\">\n\t\t\t<div class=\"elementor-widget-wrap elementor-element-populated\">\n\t\t\t\t\t\t<div class=\"elementor-element elementor-element-2523f0e elementor-widget elementor-widget-heading\" data-id=\"2523f0e\" data-element_type=\"widget\" data-e-type=\"widget\" data-widget_type=\"heading.default\">\n\t\t\t\t<div class=\"elementor-widget-container\">\n\t\t\t\t\t<h1 class=\"elementor-heading-title elementor-size-default\">Aktuelle Nachrichten<\/h1>\t\t\t\t<\/div>\n\t\t\t\t<\/div>\n\t\t\t\t<div class=\"elementor-element elementor-element-ee5035f elementor-widget elementor-widget-lae-portfolio\" data-id=\"ee5035f\" data-element_type=\"widget\" data-e-type=\"widget\" data-settings=\"{&quot;per_line&quot;:&quot;3&quot;,&quot;per_line_tablet&quot;:&quot;2&quot;,&quot;per_line_mobile&quot;:&quot;1&quot;}\" data-widget_type=\"lae-portfolio.default\">\n\t\t\t\t<div class=\"elementor-widget-container\">\n\t\t\t\t\t<div class=\"lae-portfolio-wrap lae-gapless-grid\"><div id=\"lae-portfolio-69e7436397fcb\" class=\"lae-portfolio js-isotope lae-fitRows lae-grid-container lae-classic-skin lae-grid-desktop-3 lae-grid-tablet-2 lae-grid-mobile-1\" data-isotope-options='{ \"itemSelector\": \".lae-portfolio-item\", \"layoutMode\": \"fitRows\", \"originLeft\": true}'><div data-id=\"id-24980\" class=\"lae-grid-item lae-portfolio-item  term-420\"><article id=\"post-24980\" class=\"post-24980 post type-post status-publish format-standard has-post-thumbnail hentry category-aktuelle-nachrichten entry has-media owp-thumbs-layout-horizontal owp-btn-normal owp-tabs-layout-section has-no-thumbnails has-product-nav\"><div class=\"lae-project-image\"><a href=\"https:\/\/badhaus-wiesbaden.de\/en\/beautybehandlungen-mit\/\"\u030c\u030c><img fetchpriority=\"high\" width=\"1024\" height=\"681\" src=\"https:\/\/badhaus-wiesbaden.de\/wp-content\/uploads\/2022\/12\/Badhaus_DFG_2329-1024x681.jpg\" class=\"lae-image skip-lazy no-lazyload exclude-me a3-notlazy attachment-large size-large\" alt=\"Beautybehandlungen\" title=\"Beauty Treatments\" data-no-lazy=\"1\" loading=\"eager\" decoding=\"sync\" srcset=\"https:\/\/badhaus-wiesbaden.de\/wp-content\/uploads\/2022\/12\/Badhaus_DFG_2329-1024x681.jpg 1024w, https:\/\/badhaus-wiesbaden.de\/wp-content\/uploads\/2022\/12\/Badhaus_DFG_2329-300x199.jpg 300w, https:\/\/badhaus-wiesbaden.de\/wp-content\/uploads\/2022\/12\/Badhaus_DFG_2329-768x511.jpg 768w, https:\/\/badhaus-wiesbaden.de\/wp-content\/uploads\/2022\/12\/Badhaus_DFG_2329-18x12.jpg 18w, https:\/\/badhaus-wiesbaden.de\/wp-content\/uploads\/2022\/12\/Badhaus_DFG_2329-600x399.jpg 600w, https:\/\/badhaus-wiesbaden.de\/wp-content\/uploads\/2022\/12\/Badhaus_DFG_2329.jpg 1280w\" sizes=\"(max-width: 1024px) 100vw, 1024px\" \/><\/a><div class=\"lae-image-info\"><div class=\"lae-entry-info\"><h3 class=\"lae-post-title\"><a href=\"https:\/\/badhaus-wiesbaden.de\/en\/beautybehandlungen-mit\/\" title=\"Beautybehandlungen mit nat\u00fcrlichen Inhaltsstoffen\" rel=\"bookmark\">Beautybehandlungen mit nat\u00fcrlichen Inhaltsstoffen<\/a><\/h3><span class=\"lae-terms\"><a href=\"https:\/\/badhaus-wiesbaden.de\/en\/category\/aktuelle-nachrichten\/\">Aktuelle Nachrichten<\/a><\/span><\/div><\/div><!-- .lae-image-info --><\/div><div class=\"lae-entry-text-wrap\"><h3 class=\"entry-title\"><a href=\"https:\/\/badhaus-wiesbaden.de\/en\/beautybehandlungen-mit\/\" title=\"Beautybehandlungen mit nat\u00fcrlichen Inhaltsstoffen\" rel=\"bookmark\">Beautybehandlungen mit nat\u00fcrlichen Inhaltsstoffen<\/a><\/h3><div class=\"entry-summary\">Hochwertige Beautybehandlungen verbessern die Hautstruktur, wirken verj\u00fcngend und sorgen f\u00fcr ein frisches, gesundes Hautbild.<\/div><\/div><\/article><!-- .hentry --><\/div><div data-id=\"id-23410\" class=\"lae-grid-item lae-portfolio-item  term-420\"><article id=\"post-23410\" class=\"post-23410 post type-post status-publish format-standard has-post-thumbnail hentry category-aktuelle-nachrichten entry has-media owp-thumbs-layout-horizontal owp-btn-normal owp-tabs-layout-section has-no-thumbnails has-product-nav\"><div class=\"lae-project-image\"><a href=\"https:\/\/badhaus-wiesbaden.de\/en\/korpereinreibung\/\"\u030c\u030c><img width=\"987\" height=\"650\" src=\"https:\/\/badhaus-wiesbaden.de\/wp-content\/uploads\/2020\/04\/template_1_650.jpg\" class=\"lae-image skip-lazy no-lazyload exclude-me a3-notlazy attachment-large size-large\" alt=\"K\u00f6rpereinreibung\" title=\"K\u00f6rpereinreibung\" data-no-lazy=\"1\" loading=\"eager\" decoding=\"sync\" srcset=\"https:\/\/badhaus-wiesbaden.de\/wp-content\/uploads\/2020\/04\/template_1_650.jpg 987w, https:\/\/badhaus-wiesbaden.de\/wp-content\/uploads\/2020\/04\/template_1_650-300x198.jpg 300w, https:\/\/badhaus-wiesbaden.de\/wp-content\/uploads\/2020\/04\/template_1_650-768x506.jpg 768w, https:\/\/badhaus-wiesbaden.de\/wp-content\/uploads\/2020\/04\/template_1_650-18x12.jpg 18w, https:\/\/badhaus-wiesbaden.de\/wp-content\/uploads\/2020\/04\/template_1_650-600x395.jpg 600w\" sizes=\"(max-width: 987px) 100vw, 987px\" \/><\/a><div class=\"lae-image-info\"><div class=\"lae-entry-info\"><h3 class=\"lae-post-title\"><a href=\"https:\/\/badhaus-wiesbaden.de\/en\/korpereinreibung\/\" title=\"K\u00f6rpereinreibung\" rel=\"bookmark\">K\u00f6rpereinreibung<\/a><\/h3><span class=\"lae-terms\"><a href=\"https:\/\/badhaus-wiesbaden.de\/en\/category\/aktuelle-nachrichten\/\">Aktuelle Nachrichten<\/a><\/span><\/div><\/div><!-- .lae-image-info --><\/div><div class=\"lae-entry-text-wrap\"><h3 class=\"entry-title\"><a href=\"https:\/\/badhaus-wiesbaden.de\/en\/korpereinreibung\/\" title=\"K\u00f6rpereinreibung\" rel=\"bookmark\">K\u00f6rpereinreibung<\/a><\/h3><div class=\"entry-summary\">Wohltuende K\u00f6rpereinreibung im Badhaus Wiesbaden: Entspannung, Pflege & Gutscheine f\u00fcr besondere Wellness-Erlebnisse.<\/div><\/div><\/article><!-- .hentry --><\/div><div data-id=\"id-23040\" class=\"lae-grid-item lae-portfolio-item  term-420\"><article id=\"post-23040\" class=\"post-23040 post type-post status-publish format-standard has-post-thumbnail hentry category-aktuelle-nachrichten entry has-media owp-thumbs-layout-horizontal owp-btn-normal owp-tabs-layout-section has-no-thumbnails has-product-nav\"><div class=\"lae-project-image\"><a href=\"https:\/\/badhaus-wiesbaden.de\/en\/koerperbehandlungen-fuer-eine-reine-und-strahlende-haut\/\"\u030c\u030c><img width=\"1024\" height=\"680\" src=\"https:\/\/badhaus-wiesbaden.de\/wp-content\/uploads\/2020\/05\/AS_211240640-Peeling-1024x680.jpg\" class=\"lae-image skip-lazy no-lazyload exclude-me a3-notlazy attachment-large size-large\" alt=\"Peeling\" title=\"Peeling\" data-no-lazy=\"1\" loading=\"eager\" decoding=\"sync\" srcset=\"https:\/\/badhaus-wiesbaden.de\/wp-content\/uploads\/2020\/05\/AS_211240640-Peeling-1024x680.jpg 1024w, https:\/\/badhaus-wiesbaden.de\/wp-content\/uploads\/2020\/05\/AS_211240640-Peeling-300x199.jpg 300w, https:\/\/badhaus-wiesbaden.de\/wp-content\/uploads\/2020\/05\/AS_211240640-Peeling-768x510.jpg 768w, https:\/\/badhaus-wiesbaden.de\/wp-content\/uploads\/2020\/05\/AS_211240640-Peeling-1536x1020.jpg 1536w, https:\/\/badhaus-wiesbaden.de\/wp-content\/uploads\/2020\/05\/AS_211240640-Peeling-600x398.jpg 600w, https:\/\/badhaus-wiesbaden.de\/wp-content\/uploads\/2020\/05\/AS_211240640-Peeling.jpg 1600w\" sizes=\"(max-width: 1024px) 100vw, 1024px\" \/><\/a><div class=\"lae-image-info\"><div class=\"lae-entry-info\"><h3 class=\"lae-post-title\"><a href=\"https:\/\/badhaus-wiesbaden.de\/en\/koerperbehandlungen-fuer-eine-reine-und-strahlende-haut\/\" title=\"K\u00f6rperbehandlungen f\u00fcr eine reine und strahlende Haut\" rel=\"bookmark\">K\u00f6rperbehandlungen f\u00fcr eine reine und strahlende Haut<\/a><\/h3><span class=\"lae-terms\"><a href=\"https:\/\/badhaus-wiesbaden.de\/en\/category\/aktuelle-nachrichten\/\">Aktuelle Nachrichten<\/a><\/span><\/div><\/div><!-- .lae-image-info --><\/div><div class=\"lae-entry-text-wrap\"><h3 class=\"entry-title\"><a href=\"https:\/\/badhaus-wiesbaden.de\/en\/koerperbehandlungen-fuer-eine-reine-und-strahlende-haut\/\" title=\"K\u00f6rperbehandlungen f\u00fcr eine reine und strahlende Haut\" rel=\"bookmark\">K\u00f6rperbehandlungen f\u00fcr eine reine und strahlende Haut<\/a><\/h3><div class=\"entry-summary\">Unsere Haut ist t\u00e4glichen Belastungen ausgesetzt und verdient besondere Pflege, um gesund und strahlend zu bleiben. <\/div><\/div><\/article><!-- .hentry --><\/div><div data-id=\"id-22924\" class=\"lae-grid-item lae-portfolio-item  term-420\"><article id=\"post-22924\" class=\"post-22924 post type-post status-publish format-standard has-post-thumbnail hentry category-aktuelle-nachrichten tag-thermalwasser entry has-media owp-thumbs-layout-horizontal owp-btn-normal owp-tabs-layout-section has-no-thumbnails has-product-nav\"><div class=\"lae-project-image\"><a href=\"https:\/\/badhaus-wiesbaden.de\/en\/starten-sie-die-woche-im-badhaus-wiesbaden\/\"\u030c\u030c><img width=\"1024\" height=\"682\" src=\"https:\/\/badhaus-wiesbaden.de\/wp-content\/uploads\/2020\/05\/1200_DFG_2067-1024x682.jpg\" class=\"lae-image skip-lazy no-lazyload exclude-me a3-notlazy attachment-large size-large\" alt=\"Pool Badhaus Wiesbaden\" title=\"Pool Badhaus Wiesbaden\" data-no-lazy=\"1\" loading=\"eager\" decoding=\"sync\" srcset=\"https:\/\/badhaus-wiesbaden.de\/wp-content\/uploads\/2020\/05\/1200_DFG_2067-1024x682.jpg 1024w, https:\/\/badhaus-wiesbaden.de\/wp-content\/uploads\/2020\/05\/1200_DFG_2067-600x400.jpg 600w, https:\/\/badhaus-wiesbaden.de\/wp-content\/uploads\/2020\/05\/1200_DFG_2067-300x200.jpg 300w, https:\/\/badhaus-wiesbaden.de\/wp-content\/uploads\/2020\/05\/1200_DFG_2067-768x511.jpg 768w, https:\/\/badhaus-wiesbaden.de\/wp-content\/uploads\/2020\/05\/1200_DFG_2067-370x246.jpg 370w, https:\/\/badhaus-wiesbaden.de\/wp-content\/uploads\/2020\/05\/1200_DFG_2067-760x506.jpg 760w, https:\/\/badhaus-wiesbaden.de\/wp-content\/uploads\/2020\/05\/1200_DFG_2067.jpg 1200w\" sizes=\"(max-width: 1024px) 100vw, 1024px\" \/><\/a><div class=\"lae-image-info\"><div class=\"lae-entry-info\"><h3 class=\"lae-post-title\"><a href=\"https:\/\/badhaus-wiesbaden.de\/en\/starten-sie-die-woche-im-badhaus-wiesbaden\/\" title=\"Starten Sie die Woche im Badhaus Wiesbaden!\" rel=\"bookmark\">Starten Sie die Woche im Badhaus Wiesbaden!<\/a><\/h3><span class=\"lae-terms\"><a href=\"https:\/\/badhaus-wiesbaden.de\/en\/category\/aktuelle-nachrichten\/\">Aktuelle Nachrichten<\/a><\/span><\/div><\/div><!-- .lae-image-info --><\/div><div class=\"lae-entry-text-wrap\"><h3 class=\"entry-title\"><a href=\"https:\/\/badhaus-wiesbaden.de\/en\/starten-sie-die-woche-im-badhaus-wiesbaden\/\" title=\"Starten Sie die Woche im Badhaus Wiesbaden!\" rel=\"bookmark\">Starten Sie die Woche im Badhaus Wiesbaden!<\/a><\/h3><div class=\"entry-summary\">Der Alltag kann hektisch und stressig sein, doch im Badhaus Wiesbaden finden Sie die perfekte M\u00f6glichkeit, dem zu entfliehen und Ihre Woche entspannt zu beginnen.<\/div><\/div><\/article><!-- .hentry --><\/div><\/div><!-- .lae-portfolio --><\/div><!-- .lae-portfolio-wrap -->\t\t\t\t<\/div>\n\t\t\t\t<\/div>\n\t\t\t\t\t<\/div>\n\t\t<\/div>\n\t\t\t\t\t<\/div>\n\t\t<\/section>\n\t\t\t\t<\/div>","protected":false},"excerpt":{"rendered":"<p>Aktuelle Nachrichten K\u00f6rperbehandlungen f\u00fcr eine reine und strahlende Haut Aktuelle Nachrichten K\u00f6rperbehandlungen f\u00fcr eine reine und strahlende Haut Unsere Haut ist t\u00e4glichen Belastungen ausgesetzt und verdient besondere Pflege, um gesund und strahlend zu bleiben. Starten Sie die Woche im Badhaus Wiesbaden! Aktuelle Nachrichten Starten Sie die Woche im Badhaus Wiesbaden! Der Alltag kann hektisch und [&hellip;]<\/p>\n","protected":false},"author":2,"featured_media":0,"parent":306,"menu_order":0,"comment_status":"closed","ping_status":"closed","template":"","meta":{"_monsterinsights_skip_tracking":false,"_monsterinsights_sitenote_active":false,"_monsterinsights_sitenote_note":"","_monsterinsights_sitenote_category":0,"ocean_post_layout":"","ocean_both_sidebars_style":"","ocean_both_sidebars_content_width":0,"ocean_both_sidebars_sidebars_width":0,"ocean_sidebar":"0","ocean_second_sidebar":"0","ocean_disable_margins":"enable","ocean_add_body_class":"","ocean_shortcode_before_top_bar":"","ocean_shortcode_after_top_bar":"","ocean_shortcode_before_header":"","ocean_shortcode_after_header":"","ocean_has_shortcode":"","ocean_shortcode_after_title":"","ocean_shortcode_before_footer_widgets":"","ocean_shortcode_after_footer_widgets":"","ocean_shortcode_before_footer_bottom":"","ocean_shortcode_after_footer_bottom":"","ocean_display_top_bar":"default","ocean_display_header":"default","ocean_header_style":"","ocean_center_header_left_menu":"0","ocean_custom_header_template":"0","ocean_custom_logo":0,"ocean_custom_retina_logo":0,"ocean_custom_logo_max_width":0,"ocean_custom_logo_tablet_max_width":0,"ocean_custom_logo_mobile_max_width":0,"ocean_custom_logo_max_height":0,"ocean_custom_logo_tablet_max_height":0,"ocean_custom_logo_mobile_max_height":0,"ocean_header_custom_menu":"0","ocean_menu_typo_font_family":"0","ocean_menu_typo_font_subset":"","ocean_menu_typo_font_size":0,"ocean_menu_typo_font_size_tablet":0,"ocean_menu_typo_font_size_mobile":0,"ocean_menu_typo_font_size_unit":"px","ocean_menu_typo_font_weight":"","ocean_menu_typo_font_weight_tablet":"","ocean_menu_typo_font_weight_mobile":"","ocean_menu_typo_transform":"","ocean_menu_typo_transform_tablet":"","ocean_menu_typo_transform_mobile":"","ocean_menu_typo_line_height":0,"ocean_menu_typo_line_height_tablet":0,"ocean_menu_typo_line_height_mobile":0,"ocean_menu_typo_line_height_unit":"","ocean_menu_typo_spacing":0,"ocean_menu_typo_spacing_tablet":0,"ocean_menu_typo_spacing_mobile":0,"ocean_menu_typo_spacing_unit":"","ocean_menu_link_color":"","ocean_menu_link_color_hover":"","ocean_menu_link_color_active":"","ocean_menu_link_background":"","ocean_menu_link_hover_background":"","ocean_menu_link_active_background":"","ocean_menu_social_links_bg":"","ocean_menu_social_hover_links_bg":"","ocean_menu_social_links_color":"","ocean_menu_social_hover_links_color":"","ocean_disable_title":"default","ocean_disable_heading":"default","ocean_post_title":"","ocean_post_subheading":"","ocean_post_title_style":"","ocean_post_title_background_color":"","ocean_post_title_background":0,"ocean_post_title_bg_image_position":"","ocean_post_title_bg_image_attachment":"","ocean_post_title_bg_image_repeat":"","ocean_post_title_bg_image_size":"","ocean_post_title_height":0,"ocean_post_title_bg_overlay":0.5,"ocean_post_title_bg_overlay_color":"","ocean_disable_breadcrumbs":"default","ocean_breadcrumbs_color":"","ocean_breadcrumbs_separator_color":"","ocean_breadcrumbs_links_color":"","ocean_breadcrumbs_links_hover_color":"","ocean_display_footer_widgets":"default","ocean_display_footer_bottom":"default","ocean_custom_footer_template":"0","footnotes":""},"class_list":["post-22919","page","type-page","status-publish","hentry","entry","has-media","owp-thumbs-layout-horizontal","owp-btn-normal","owp-tabs-layout-section","has-no-thumbnails","has-product-nav"],"_links":{"self":[{"href":"https:\/\/badhaus-wiesbaden.de\/en\/wp-json\/wp\/v2\/pages\/22919","targetHints":{"allow":["GET"]}}],"collection":[{"href":"https:\/\/badhaus-wiesbaden.de\/en\/wp-json\/wp\/v2\/pages"}],"about":[{"href":"https:\/\/badhaus-wiesbaden.de\/en\/wp-json\/wp\/v2\/types\/page"}],"author":[{"embeddable":true,"href":"https:\/\/badhaus-wiesbaden.de\/en\/wp-json\/wp\/v2\/users\/2"}],"replies":[{"embeddable":true,"href":"https:\/\/badhaus-wiesbaden.de\/en\/wp-json\/wp\/v2\/comments?post=22919"}],"version-history":[{"count":0,"href":"https:\/\/badhaus-wiesbaden.de\/en\/wp-json\/wp\/v2\/pages\/22919\/revisions"}],"up":[{"embeddable":true,"href":"https:\/\/badhaus-wiesbaden.de\/en\/wp-json\/wp\/v2\/pages\/306"}],"wp:attachment":[{"href":"https:\/\/badhaus-wiesbaden.de\/en\/wp-json\/wp\/v2\/media?parent=22919"}],"curies":[{"name":"wp","href":"https:\/\/api.w.org\/{rel}","templated":true}]}}