{"id":4438,"date":"2020-05-07T10:08:24","date_gmt":"2020-05-07T10:08:24","guid":{"rendered":"https:\/\/badhaus-wiesbaden.de\/?page_id=4438"},"modified":"2025-05-12T10:25:52","modified_gmt":"2025-05-12T08:25:52","slug":"korperbehandlungen","status":"publish","type":"page","link":"https:\/\/badhaus-wiesbaden.de\/en\/einzelanwendungen\/korperbehandlungen\/","title":{"rendered":"Body Treatments"},"content":{"rendered":"<div data-elementor-type=\"wp-page\" data-elementor-id=\"4438\" class=\"elementor elementor-4438\" data-elementor-post-type=\"page\">\n\t\t\t\t\t\t<section class=\"elementor-section elementor-top-section elementor-element elementor-element-ed05ce5 elementor-section-full_width elementor-section-stretched elementor-section-height-min-height elementor-section-height-default elementor-section-items-middle\" data-id=\"ed05ce5\" data-element_type=\"section\" data-e-type=\"section\" data-settings=\"{&quot;stretch_section&quot;:&quot;section-stretched&quot;,&quot;background_background&quot;:&quot;classic&quot;}\">\n\t\t\t\t\t\t<div class=\"elementor-container elementor-column-gap-default\">\n\t\t\t\t\t<div class=\"elementor-column elementor-col-100 elementor-top-column elementor-element elementor-element-1541426\" data-id=\"1541426\" data-element_type=\"column\" data-e-type=\"column\">\n\t\t\t<div class=\"elementor-widget-wrap\">\n\t\t\t\t\t\t\t<\/div>\n\t\t<\/div>\n\t\t\t\t\t<\/div>\n\t\t<\/section>\n\t\t<div class=\"elementor-element elementor-element-a2abd3a e-flex e-con-boxed e-con e-parent\" data-id=\"a2abd3a\" data-element_type=\"container\" data-e-type=\"container\">\n\t\t\t\t\t<div class=\"e-con-inner\">\n\t\t\t\t<div class=\"elementor-element elementor-element-19d7a08 elementor-widget elementor-widget-heading\" data-id=\"19d7a08\" data-element_type=\"widget\" data-e-type=\"widget\" data-widget_type=\"heading.default\">\n\t\t\t\t<div class=\"elementor-widget-container\">\n\t\t\t\t\t<h1 class=\"elementor-heading-title elementor-size-default\"><br>Body Treatments<\/h1>\t\t\t\t<\/div>\n\t\t\t\t<\/div>\n\t\t\t\t<div class=\"elementor-element elementor-element-320a8af elementor-widget elementor-widget-text-editor\" data-id=\"320a8af\" data-element_type=\"widget\" data-e-type=\"widget\" data-widget_type=\"text-editor.default\">\n\t\t\t\t<div class=\"elementor-widget-container\">\n\t\t\t\t\t\t\t\t\t<p>Peelings und Packungen reinigen Ihre<br \/>Haut, geben ihr neue Frische und bringt sie in Balance. Ob als Gesichtspeeling, K\u00f6rperpeeling oder Packung \u2013 wir verleihen Ihrer Haut einen reinen Teint.<\/p>\t\t\t\t\t\t\t\t<\/div>\n\t\t\t\t<\/div>\n\t\t\t\t<div class=\"elementor-element elementor-element-54b432f elementor-widget elementor-widget-lae-portfolio\" data-id=\"54b432f\" data-element_type=\"widget\" data-e-type=\"widget\" data-settings=\"{&quot;per_line&quot;:&quot;3&quot;,&quot;per_line_tablet&quot;:&quot;2&quot;,&quot;per_line_mobile&quot;:&quot;1&quot;}\" data-widget_type=\"lae-portfolio.default\">\n\t\t\t\t<div class=\"elementor-widget-container\">\n\t\t\t\t\t<div class=\"lae-portfolio-wrap lae-gapless-grid\"><div id=\"lae-portfolio-69e5f4531ccbe\" class=\"lae-portfolio js-isotope lae-fitRows lae-grid-container lae-classic-skin lae-grid-desktop-3 lae-grid-tablet-2 lae-grid-mobile-1\" data-isotope-options='{ \"itemSelector\": \".lae-portfolio-item\", \"layoutMode\": \"fitRows\", \"originLeft\": true}'><div data-id=\"id-4941\" class=\"lae-grid-item lae-portfolio-item  term-294\"><article id=\"post-4941\" class=\"post-4941 post type-post status-publish format-standard has-post-thumbnail hentry category-koerperbehandlungen entry has-media owp-thumbs-layout-horizontal owp-btn-normal owp-tabs-layout-section has-no-thumbnails has-product-nav\"><div class=\"lae-project-image\"><a href=\"https:\/\/badhaus-wiesbaden.de\/en\/algengruenteepackung\/\"\u030c\u030c><img fetchpriority=\"high\" width=\"1000\" height=\"667\" src=\"https:\/\/badhaus-wiesbaden.de\/wp-content\/uploads\/2020\/05\/AS-101979091.jpg\" class=\"lae-image skip-lazy no-lazyload exclude-me a3-notlazy attachment-large size-large\" alt=\"\" title=\"\" data-no-lazy=\"1\" loading=\"eager\" decoding=\"sync\" srcset=\"https:\/\/badhaus-wiesbaden.de\/wp-content\/uploads\/2020\/05\/AS-101979091.jpg 1000w, https:\/\/badhaus-wiesbaden.de\/wp-content\/uploads\/2020\/05\/AS-101979091-300x200.jpg 300w, https:\/\/badhaus-wiesbaden.de\/wp-content\/uploads\/2020\/05\/AS-101979091-768x512.jpg 768w, https:\/\/badhaus-wiesbaden.de\/wp-content\/uploads\/2020\/05\/AS-101979091-350x233.jpg 350w, https:\/\/badhaus-wiesbaden.de\/wp-content\/uploads\/2020\/05\/AS-101979091-600x400.jpg 600w\" sizes=\"(max-width: 1000px) 100vw, 1000px\" \/><\/a><div class=\"lae-image-info\"><div class=\"lae-entry-info\"><h3 class=\"lae-post-title\"><a href=\"https:\/\/badhaus-wiesbaden.de\/en\/algengruenteepackung\/\" title=\"Algae-Green-Tea Mask\" rel=\"bookmark\">Algae-Green-Tea Mask<\/a><\/h3><span class=\"lae-terms\"><a href=\"https:\/\/badhaus-wiesbaden.de\/en\/category\/einzelanwendungen\/koerperbehandlungen\/\">Body Treatments<\/a><\/span><\/div><\/div><!-- .lae-image-info --><\/div><div class=\"lae-entry-text-wrap\"><h3 class=\"entry-title\"><a href=\"https:\/\/badhaus-wiesbaden.de\/en\/algengruenteepackung\/\" title=\"Algae-Green-Tea Mask\" rel=\"bookmark\">Algae-Green-Tea Mask<\/a><\/h3><div class=\"entry-summary\">Quality ingredients are deeply absorbed into the skin and purify it. 25 min.<p><\/p>\n\n<section12>\n  <code12><a href=\"https:\/\/badhaus-wiesbaden.de\/en\/algengruenteepackung\/\"> <input type=\"button\" class=\"floated\" id=\"weiter_button\" value=\"details\" \/><\/a><\/code12>\n<\/section12>\n<aside12>\n  <code12>39 \u20ac<\/code12>\n<\/aside12>\n\n<\/div><\/div><\/article><!-- .hentry --><\/div><div data-id=\"id-93\" class=\"lae-grid-item lae-portfolio-item  term-294\"><article id=\"post-93\" class=\"post-93 post type-post status-publish format-standard has-post-thumbnail hentry category-koerperbehandlungen tag-hautstoffwechsel tag-massagen tag-ziegenbutter entry has-media owp-thumbs-layout-horizontal owp-btn-normal owp-tabs-layout-section has-no-thumbnails has-product-nav\"><div class=\"lae-project-image\"><a href=\"https:\/\/badhaus-wiesbaden.de\/en\/ziegenbutter-packung\/\"\u030c\u030c><img width=\"1000\" height=\"665\" src=\"https:\/\/badhaus-wiesbaden.de\/wp-content\/uploads\/2020\/04\/AS-130767348.jpg\" class=\"lae-image skip-lazy no-lazyload exclude-me a3-notlazy attachment-large size-large\" alt=\"AS-130767348\" title=\"AS-130767348\" data-no-lazy=\"1\" loading=\"eager\" decoding=\"sync\" srcset=\"https:\/\/badhaus-wiesbaden.de\/wp-content\/uploads\/2020\/04\/AS-130767348.jpg 1000w, https:\/\/badhaus-wiesbaden.de\/wp-content\/uploads\/2020\/04\/AS-130767348-300x200.jpg 300w, https:\/\/badhaus-wiesbaden.de\/wp-content\/uploads\/2020\/04\/AS-130767348-768x511.jpg 768w, https:\/\/badhaus-wiesbaden.de\/wp-content\/uploads\/2020\/04\/AS-130767348-350x233.jpg 350w, https:\/\/badhaus-wiesbaden.de\/wp-content\/uploads\/2020\/04\/AS-130767348-600x399.jpg 600w\" sizes=\"(max-width: 1000px) 100vw, 1000px\" \/><\/a><div class=\"lae-image-info\"><div class=\"lae-entry-info\"><h3 class=\"lae-post-title\"><a href=\"https:\/\/badhaus-wiesbaden.de\/en\/ziegenbutter-packung\/\" title=\"Goat-Butter Mask\" rel=\"bookmark\">Goat-Butter Mask<\/a><\/h3><span class=\"lae-terms\"><a href=\"https:\/\/badhaus-wiesbaden.de\/en\/category\/einzelanwendungen\/koerperbehandlungen\/\">Body Treatments<\/a><\/span><\/div><\/div><!-- .lae-image-info --><\/div><div class=\"lae-entry-text-wrap\"><h3 class=\"entry-title\"><a href=\"https:\/\/badhaus-wiesbaden.de\/en\/ziegenbutter-packung\/\" title=\"Goat-Butter Mask\" rel=\"bookmark\">Goat-Butter Mask<\/a><\/h3><div class=\"entry-summary\">Goat butter and quality olive oil give a fresh complexion, 25 min.\n<p><\/p>\n<section12>\n  <code12><a href=\"https:\/\/badhaus-wiesbaden.de\/en\/ziegenbutter-packung\/\"> <input type=\"button\" class=\"floated\" id=\"weiter_button\" value=\"details\" \/><\/a><\/code12>\n<\/section12>\n<aside12>\n  <code12>39 \u20ac<\/code12>\n<\/aside12><\/div><\/div><\/article><!-- .hentry --><\/div><div data-id=\"id-4945\" class=\"lae-grid-item lae-portfolio-item  term-294\"><article id=\"post-4945\" class=\"post-4945 post type-post status-publish format-standard has-post-thumbnail hentry category-koerperbehandlungen entry has-media owp-thumbs-layout-horizontal owp-btn-normal owp-tabs-layout-section has-no-thumbnails has-product-nav\"><div class=\"lae-project-image\"><a href=\"https:\/\/badhaus-wiesbaden.de\/en\/rosensalzoelpeeling\/\"\u030c\u030c><img width=\"1000\" height=\"664\" src=\"https:\/\/badhaus-wiesbaden.de\/wp-content\/uploads\/2020\/05\/AS-211240640.jpg\" class=\"lae-image skip-lazy no-lazyload exclude-me a3-notlazy attachment-large size-large\" alt=\"\" title=\"\" data-no-lazy=\"1\" loading=\"eager\" decoding=\"sync\" srcset=\"https:\/\/badhaus-wiesbaden.de\/wp-content\/uploads\/2020\/05\/AS-211240640.jpg 1000w, https:\/\/badhaus-wiesbaden.de\/wp-content\/uploads\/2020\/05\/AS-211240640-300x199.jpg 300w, https:\/\/badhaus-wiesbaden.de\/wp-content\/uploads\/2020\/05\/AS-211240640-768x510.jpg 768w, https:\/\/badhaus-wiesbaden.de\/wp-content\/uploads\/2020\/05\/AS-211240640-350x232.jpg 350w, https:\/\/badhaus-wiesbaden.de\/wp-content\/uploads\/2020\/05\/AS-211240640-600x398.jpg 600w\" sizes=\"(max-width: 1000px) 100vw, 1000px\" \/><\/a><div class=\"lae-image-info\"><div class=\"lae-entry-info\"><h3 class=\"lae-post-title\"><a href=\"https:\/\/badhaus-wiesbaden.de\/en\/rosensalzoelpeeling\/\" title=\"Rose-Salt Oil-Peeling\" rel=\"bookmark\">Rose-Salt Oil-Peeling<\/a><\/h3><span class=\"lae-terms\"><a href=\"https:\/\/badhaus-wiesbaden.de\/en\/category\/einzelanwendungen\/koerperbehandlungen\/\">Body Treatments<\/a><\/span><\/div><\/div><!-- .lae-image-info --><\/div><div class=\"lae-entry-text-wrap\"><h3 class=\"entry-title\"><a href=\"https:\/\/badhaus-wiesbaden.de\/en\/rosensalzoelpeeling\/\" title=\"Rose-Salt Oil-Peeling\" rel=\"bookmark\">Rose-Salt Oil-Peeling<\/a><\/h3><div class=\"entry-summary\">Cleansing and healing: a special combination of Himalayan salt, rose petals and oils, 25 min.<p><\/p>\n\n<section12>\n  <code12><a href=\"https:\/\/badhaus-wiesbaden.de\/en\/rosensalzoelpeeling\/\"> <input type=\"button\" class=\"floated\" id=\"weiter_button\" value=\"details\" \/><\/a><\/code12>\n<\/section12>\n<aside12>\n  <code12>45 \u20ac<\/code12>\n<\/aside12>\n<\/div><\/div><\/article><!-- .hentry --><\/div><div data-id=\"id-4949\" class=\"lae-grid-item lae-portfolio-item  term-294\"><article id=\"post-4949\" class=\"post-4949 post type-post status-publish format-standard has-post-thumbnail hentry category-koerperbehandlungen entry has-media owp-thumbs-layout-horizontal owp-btn-normal owp-tabs-layout-section has-no-thumbnails has-product-nav\"><div class=\"lae-project-image\"><a href=\"https:\/\/badhaus-wiesbaden.de\/en\/totesmeerpeeling\/\"\u030c\u030c><img width=\"1000\" height=\"664\" src=\"https:\/\/badhaus-wiesbaden.de\/wp-content\/uploads\/2020\/06\/AS_97227148_totesmeer.jpg\" class=\"lae-image skip-lazy no-lazyload exclude-me a3-notlazy attachment-large size-large\" alt=\"Wellness Day &#038; Night &#8211; 2 Personen im DZ\" title=\"Wellness Day &amp; Night - 2 Personen im DZ\" data-no-lazy=\"1\" loading=\"eager\" decoding=\"sync\" srcset=\"https:\/\/badhaus-wiesbaden.de\/wp-content\/uploads\/2020\/06\/AS_97227148_totesmeer.jpg 1000w, https:\/\/badhaus-wiesbaden.de\/wp-content\/uploads\/2020\/06\/AS_97227148_totesmeer-300x199.jpg 300w, https:\/\/badhaus-wiesbaden.de\/wp-content\/uploads\/2020\/06\/AS_97227148_totesmeer-768x510.jpg 768w, https:\/\/badhaus-wiesbaden.de\/wp-content\/uploads\/2020\/06\/AS_97227148_totesmeer-600x398.jpg 600w\" sizes=\"(max-width: 1000px) 100vw, 1000px\" \/><\/a><div class=\"lae-image-info\"><div class=\"lae-entry-info\"><h3 class=\"lae-post-title\"><a href=\"https:\/\/badhaus-wiesbaden.de\/en\/totesmeerpeeling\/\" title=\"Dead-Sea Peeling\" rel=\"bookmark\">Dead-Sea Peeling<\/a><\/h3><span class=\"lae-terms\"><a href=\"https:\/\/badhaus-wiesbaden.de\/en\/category\/einzelanwendungen\/koerperbehandlungen\/\">Body Treatments<\/a><\/span><\/div><\/div><!-- .lae-image-info --><\/div><div class=\"lae-entry-text-wrap\"><h3 class=\"entry-title\"><a href=\"https:\/\/badhaus-wiesbaden.de\/en\/totesmeerpeeling\/\" title=\"Dead-Sea Peeling\" rel=\"bookmark\">Dead-Sea Peeling<\/a><\/h3><div class=\"entry-summary\">Deep cleansing with fine-grained peeling salt from the Dead Sea and mineral substances, 25 min.<p><\/p>\n\n<section12>\n  <code12><a href=\"https:\/\/badhaus-wiesbaden.de\/en\/totesmeerpeeling\/\"> <input type=\"button\" class=\"floated\" id=\"weiter_button\" value=\"details\" \/><\/a><\/code12>\n<\/section12>\n<aside12>\n  <code12>39 \u20ac<\/code12>\n<\/aside12>\n\n<\/div><\/div><\/article><!-- .hentry --><\/div><\/div><!-- .lae-portfolio --><\/div><!-- .lae-portfolio-wrap -->\t\t\t\t<\/div>\n\t\t\t\t<\/div>\n\t\t\t\t\t<\/div>\n\t\t\t\t<\/div>\n\t\t\t\t<\/div>","protected":false},"excerpt":{"rendered":"<p>K\u00f6rperbehandlungen Peelings und Packungen reinigen IhreHaut, geben ihr neue Frische und bringt sie in Balance. Ob als Gesichtspeeling, K\u00f6rperpeeling oder Packung \u2013 wir verleihen Ihrer Haut einen reinen Teint. Algen-Gr\u00fcntee-Packung K\u00f6rperbehandlungen Algen-Gr\u00fcntee-Packung Erlesene Inhaltsstoffe dringen tief in die Haut ein und entschlacken sie, 25 Min. 39 \u20ac Ziegenbutter-Packung K\u00f6rperbehandlungen Ziegenbutter-Packung Ziegenbutter und wertvolles Oliven\u00f6l sorgen [&hellip;]<\/p>\n","protected":false},"author":3,"featured_media":0,"parent":4429,"menu_order":0,"comment_status":"closed","ping_status":"closed","template":"","meta":{"_monsterinsights_skip_tracking":false,"_monsterinsights_sitenote_active":false,"_monsterinsights_sitenote_note":"","_monsterinsights_sitenote_category":0,"ocean_post_layout":"","ocean_both_sidebars_style":"","ocean_both_sidebars_content_width":0,"ocean_both_sidebars_sidebars_width":0,"ocean_sidebar":"","ocean_second_sidebar":"","ocean_disable_margins":"enable","ocean_add_body_class":"","ocean_shortcode_before_top_bar":"","ocean_shortcode_after_top_bar":"","ocean_shortcode_before_header":"","ocean_shortcode_after_header":"","ocean_has_shortcode":"","ocean_shortcode_after_title":"","ocean_shortcode_before_footer_widgets":"","ocean_shortcode_after_footer_widgets":"","ocean_shortcode_before_footer_bottom":"","ocean_shortcode_after_footer_bottom":"","ocean_display_top_bar":"default","ocean_display_header":"default","ocean_header_style":"","ocean_center_header_left_menu":"","ocean_custom_header_template":"","ocean_custom_logo":0,"ocean_custom_retina_logo":0,"ocean_custom_logo_max_width":0,"ocean_custom_logo_tablet_max_width":0,"ocean_custom_logo_mobile_max_width":0,"ocean_custom_logo_max_height":0,"ocean_custom_logo_tablet_max_height":0,"ocean_custom_logo_mobile_max_height":0,"ocean_header_custom_menu":"","ocean_menu_typo_font_family":"","ocean_menu_typo_font_subset":"","ocean_menu_typo_font_size":0,"ocean_menu_typo_font_size_tablet":0,"ocean_menu_typo_font_size_mobile":0,"ocean_menu_typo_font_size_unit":"px","ocean_menu_typo_font_weight":"","ocean_menu_typo_font_weight_tablet":"","ocean_menu_typo_font_weight_mobile":"","ocean_menu_typo_transform":"","ocean_menu_typo_transform_tablet":"","ocean_menu_typo_transform_mobile":"","ocean_menu_typo_line_height":0,"ocean_menu_typo_line_height_tablet":0,"ocean_menu_typo_line_height_mobile":0,"ocean_menu_typo_line_height_unit":"","ocean_menu_typo_spacing":0,"ocean_menu_typo_spacing_tablet":0,"ocean_menu_typo_spacing_mobile":0,"ocean_menu_typo_spacing_unit":"","ocean_menu_link_color":"","ocean_menu_link_color_hover":"","ocean_menu_link_color_active":"","ocean_menu_link_background":"","ocean_menu_link_hover_background":"","ocean_menu_link_active_background":"","ocean_menu_social_links_bg":"","ocean_menu_social_hover_links_bg":"","ocean_menu_social_links_color":"","ocean_menu_social_hover_links_color":"","ocean_disable_title":"default","ocean_disable_heading":"default","ocean_post_title":"","ocean_post_subheading":"","ocean_post_title_style":"","ocean_post_title_background_color":"","ocean_post_title_background":0,"ocean_post_title_bg_image_position":"","ocean_post_title_bg_image_attachment":"","ocean_post_title_bg_image_repeat":"","ocean_post_title_bg_image_size":"","ocean_post_title_height":0,"ocean_post_title_bg_overlay":0.5,"ocean_post_title_bg_overlay_color":"","ocean_disable_breadcrumbs":"default","ocean_breadcrumbs_color":"","ocean_breadcrumbs_separator_color":"","ocean_breadcrumbs_links_color":"","ocean_breadcrumbs_links_hover_color":"","ocean_display_footer_widgets":"default","ocean_display_footer_bottom":"default","ocean_custom_footer_template":"","footnotes":""},"class_list":["post-4438","page","type-page","status-publish","hentry","entry","has-media","owp-thumbs-layout-horizontal","owp-btn-normal","owp-tabs-layout-section","has-no-thumbnails","has-product-nav"],"_links":{"self":[{"href":"https:\/\/badhaus-wiesbaden.de\/en\/wp-json\/wp\/v2\/pages\/4438","targetHints":{"allow":["GET"]}}],"collection":[{"href":"https:\/\/badhaus-wiesbaden.de\/en\/wp-json\/wp\/v2\/pages"}],"about":[{"href":"https:\/\/badhaus-wiesbaden.de\/en\/wp-json\/wp\/v2\/types\/page"}],"author":[{"embeddable":true,"href":"https:\/\/badhaus-wiesbaden.de\/en\/wp-json\/wp\/v2\/users\/3"}],"replies":[{"embeddable":true,"href":"https:\/\/badhaus-wiesbaden.de\/en\/wp-json\/wp\/v2\/comments?post=4438"}],"version-history":[{"count":6,"href":"https:\/\/badhaus-wiesbaden.de\/en\/wp-json\/wp\/v2\/pages\/4438\/revisions"}],"predecessor-version":[{"id":25583,"href":"https:\/\/badhaus-wiesbaden.de\/en\/wp-json\/wp\/v2\/pages\/4438\/revisions\/25583"}],"up":[{"embeddable":true,"href":"https:\/\/badhaus-wiesbaden.de\/en\/wp-json\/wp\/v2\/pages\/4429"}],"wp:attachment":[{"href":"https:\/\/badhaus-wiesbaden.de\/en\/wp-json\/wp\/v2\/media?parent=4438"}],"curies":[{"name":"wp","href":"https:\/\/api.w.org\/{rel}","templated":true}]}}