{"id":4455,"date":"2020-05-07T10:15:25","date_gmt":"2020-05-07T10:15:25","guid":{"rendered":"https:\/\/badhaus-wiesbaden.de\/?page_id=4455"},"modified":"2024-11-14T15:35:55","modified_gmt":"2024-11-14T14:35:55","slug":"aktuelle-angebote","status":"publish","type":"page","link":"https:\/\/badhaus-wiesbaden.de\/en\/dayspa\/aktuelle-angebote\/","title":{"rendered":"Current offers"},"content":{"rendered":"<div data-elementor-type=\"wp-page\" data-elementor-id=\"4455\" class=\"elementor elementor-4455\" data-elementor-post-type=\"page\">\n\t\t\t\t\t\t<section class=\"elementor-section elementor-top-section elementor-element elementor-element-a1f22e9 elementor-section-full_width elementor-section-stretched elementor-section-height-min-height elementor-section-height-default elementor-section-items-middle\" data-id=\"a1f22e9\" data-element_type=\"section\" data-e-type=\"section\" data-settings=\"{&quot;stretch_section&quot;:&quot;section-stretched&quot;,&quot;background_background&quot;:&quot;classic&quot;}\">\n\t\t\t\t\t\t<div class=\"elementor-container elementor-column-gap-default\">\n\t\t\t\t\t<div class=\"elementor-column elementor-col-100 elementor-top-column elementor-element elementor-element-ffa9ce5\" data-id=\"ffa9ce5\" data-element_type=\"column\" data-e-type=\"column\">\n\t\t\t<div class=\"elementor-widget-wrap\">\n\t\t\t\t\t\t\t<\/div>\n\t\t<\/div>\n\t\t\t\t\t<\/div>\n\t\t<\/section>\n\t\t\t\t<section class=\"elementor-section elementor-top-section elementor-element elementor-element-7535dcc elementor-section-boxed elementor-section-height-default elementor-section-height-default\" data-id=\"7535dcc\" data-element_type=\"section\" data-e-type=\"section\">\n\t\t\t\t\t\t<div class=\"elementor-container elementor-column-gap-default\">\n\t\t\t\t\t<div class=\"elementor-column elementor-col-100 elementor-top-column elementor-element elementor-element-55982cc\" data-id=\"55982cc\" data-element_type=\"column\" data-e-type=\"column\">\n\t\t\t<div class=\"elementor-widget-wrap elementor-element-populated\">\n\t\t\t\t\t\t<div class=\"elementor-element elementor-element-2523f0e elementor-widget elementor-widget-heading\" data-id=\"2523f0e\" data-element_type=\"widget\" data-e-type=\"widget\" data-widget_type=\"heading.default\">\n\t\t\t\t<div class=\"elementor-widget-container\">\n\t\t\t\t\t<h1 class=\"elementor-heading-title elementor-size-default\">Our current offers<\/h1>\t\t\t\t<\/div>\n\t\t\t\t<\/div>\n\t\t\t\t<div class=\"elementor-element elementor-element-b064332 elementor-widget elementor-widget-text-editor\" data-id=\"b064332\" data-element_type=\"widget\" data-e-type=\"widget\" data-widget_type=\"text-editor.default\">\n\t\t\t\t<div class=\"elementor-widget-container\">\n\t\t\t\t\t\t\t\t\t<p>Wellness spa with spa-tacular prices: Whether in spring, summer, fall or winter. Whether Valentine\u2019s Day, Mother\u2019s Day, or Christmas. We\u2019ve got special offers for you all year round. Check our website regularly for the latest.<\/p>\t\t\t\t\t\t\t\t<\/div>\n\t\t\t\t<\/div>\n\t\t\t\t<div class=\"elementor-element elementor-element-ee5035f elementor-widget elementor-widget-lae-portfolio\" data-id=\"ee5035f\" data-element_type=\"widget\" data-e-type=\"widget\" data-settings=\"{&quot;per_line&quot;:&quot;3&quot;,&quot;per_line_tablet&quot;:&quot;2&quot;,&quot;per_line_mobile&quot;:&quot;1&quot;}\" data-widget_type=\"lae-portfolio.default\">\n\t\t\t\t<div class=\"elementor-widget-container\">\n\t\t\t\t\t<div class=\"lae-portfolio-wrap lae-gapless-grid\"><div id=\"lae-portfolio-69e6075dca372\" class=\"lae-portfolio js-isotope lae-fitRows lae-grid-container lae-classic-skin lae-grid-desktop-3 lae-grid-tablet-2 lae-grid-mobile-1\" data-isotope-options='{ \"itemSelector\": \".lae-portfolio-item\", \"layoutMode\": \"fitRows\", \"originLeft\": true}'><div data-id=\"id-5057\" class=\"lae-grid-item lae-portfolio-item  term-296 term-289\"><article id=\"post-5057\" class=\"post-5057 post type-post status-publish format-standard has-post-thumbnail hentry category-aktuelle-angebote category-for-two-or-more entry has-media owp-thumbs-layout-horizontal owp-btn-normal owp-tabs-layout-section has-no-thumbnails has-product-nav\"><div class=\"lae-project-image\"><a href=\"https:\/\/badhaus-wiesbaden.de\/en\/doppelpack-romantiker\/\"\u030c\u030c><img fetchpriority=\"high\" width=\"1024\" height=\"682\" src=\"https:\/\/badhaus-wiesbaden.de\/wp-content\/uploads\/2020\/05\/1200_DFG_2424-1024x682.jpg\" class=\"lae-image skip-lazy no-lazyload exclude-me a3-notlazy attachment-large size-large\" alt=\"1200_DFG_2424\" title=\"1200_DFG_2424\" data-no-lazy=\"1\" loading=\"eager\" decoding=\"sync\" srcset=\"https:\/\/badhaus-wiesbaden.de\/wp-content\/uploads\/2020\/05\/1200_DFG_2424-1024x682.jpg 1024w, https:\/\/badhaus-wiesbaden.de\/wp-content\/uploads\/2020\/05\/1200_DFG_2424-600x400.jpg 600w, https:\/\/badhaus-wiesbaden.de\/wp-content\/uploads\/2020\/05\/1200_DFG_2424-300x200.jpg 300w, https:\/\/badhaus-wiesbaden.de\/wp-content\/uploads\/2020\/05\/1200_DFG_2424-768x511.jpg 768w, https:\/\/badhaus-wiesbaden.de\/wp-content\/uploads\/2020\/05\/1200_DFG_2424-370x246.jpg 370w, https:\/\/badhaus-wiesbaden.de\/wp-content\/uploads\/2020\/05\/1200_DFG_2424-760x506.jpg 760w, https:\/\/badhaus-wiesbaden.de\/wp-content\/uploads\/2020\/05\/1200_DFG_2424.jpg 1200w\" sizes=\"(max-width: 1024px) 100vw, 1024px\" \/><\/a><div class=\"lae-image-info\"><div class=\"lae-entry-info\"><h3 class=\"lae-post-title\"><a href=\"https:\/\/badhaus-wiesbaden.de\/en\/doppelpack-romantiker\/\" title=\"Double pack for romantics &ndash;&lt;br&gt;with back massage 25 min\" rel=\"bookmark\">Partner Package for Romantics<br>with back massage 25 min<\/a><\/h3><span class=\"lae-terms\"><a href=\"https:\/\/badhaus-wiesbaden.de\/en\/category\/day-spa\/aktuelle-angebote\/\">Current offers<\/a>, <a href=\"https:\/\/badhaus-wiesbaden.de\/en\/category\/day-spa\/for-two-or-more\/\">For Two or More<\/a><\/span><\/div><\/div><!-- .lae-image-info --><\/div><div class=\"lae-entry-text-wrap\"><h3 class=\"entry-title\"><a href=\"https:\/\/badhaus-wiesbaden.de\/en\/doppelpack-romantiker\/\" title=\"Double pack for romantics &ndash;&lt;br&gt;with back massage 25 min\" rel=\"bookmark\">Partner Package for Romantics<br>with back massage 25 min<\/a><\/h3><div class=\"entry-summary\">Romantische Auszeit zu zweit: 25 Min. Aroma\u00f6lmassage bei Kerzenschein, Musik und Klangschale. Gilt f\u00fcr 2 Pers.\n<br><p><\/p>\n\n<section12>\n  <code12><a href=\"https:\/\/badhaus-wiesbaden.de\/en\/doppelpack-romantiker\/\"> <input type=\"button\" class=\"floated\" id=\"weiter_button\" value=\"details\" \/><\/a><\/code12>\n<\/section12>\n<aside12>\n  <code12> 198 \u20ac<\/code12>\n<\/aside12><\/div><\/div><\/article><!-- .hentry --><\/div><div data-id=\"id-5061\" class=\"lae-grid-item lae-portfolio-item  term-296 term-289\"><article id=\"post-5061\" class=\"post-5061 post type-post status-publish format-standard has-post-thumbnail hentry category-aktuelle-angebote category-for-two-or-more tag-doppelpack-fuer-romantiker-upgrade entry has-media owp-thumbs-layout-horizontal owp-btn-normal owp-tabs-layout-section has-no-thumbnails has-product-nav\"><div class=\"lae-project-image\"><a href=\"https:\/\/badhaus-wiesbaden.de\/en\/doppelpack-romantiker-upgrade\/\"\u030c\u030c><img fetchpriority=\"high\" width=\"1024\" height=\"682\" src=\"https:\/\/badhaus-wiesbaden.de\/wp-content\/uploads\/2020\/05\/1200_DFG_2424-1024x682.jpg\" class=\"lae-image skip-lazy no-lazyload exclude-me a3-notlazy attachment-large size-large\" alt=\"1200_DFG_2424\" title=\"1200_DFG_2424\" data-no-lazy=\"1\" loading=\"eager\" decoding=\"sync\" srcset=\"https:\/\/badhaus-wiesbaden.de\/wp-content\/uploads\/2020\/05\/1200_DFG_2424-1024x682.jpg 1024w, https:\/\/badhaus-wiesbaden.de\/wp-content\/uploads\/2020\/05\/1200_DFG_2424-600x400.jpg 600w, https:\/\/badhaus-wiesbaden.de\/wp-content\/uploads\/2020\/05\/1200_DFG_2424-300x200.jpg 300w, https:\/\/badhaus-wiesbaden.de\/wp-content\/uploads\/2020\/05\/1200_DFG_2424-768x511.jpg 768w, https:\/\/badhaus-wiesbaden.de\/wp-content\/uploads\/2020\/05\/1200_DFG_2424-370x246.jpg 370w, https:\/\/badhaus-wiesbaden.de\/wp-content\/uploads\/2020\/05\/1200_DFG_2424-760x506.jpg 760w, https:\/\/badhaus-wiesbaden.de\/wp-content\/uploads\/2020\/05\/1200_DFG_2424.jpg 1200w\" sizes=\"(max-width: 1024px) 100vw, 1024px\" \/><\/a><div class=\"lae-image-info\"><div class=\"lae-entry-info\"><h3 class=\"lae-post-title\"><a href=\"https:\/\/badhaus-wiesbaden.de\/en\/doppelpack-romantiker-upgrade\/\" title=\"Double pack for romantics &ndash;&lt;br&gt; with full body massage 55 min\" rel=\"bookmark\">Partner Package for Romantics<br> with full body massage 55 min<\/a><\/h3><span class=\"lae-terms\"><a href=\"https:\/\/badhaus-wiesbaden.de\/en\/category\/day-spa\/aktuelle-angebote\/\">Current offers<\/a>, <a href=\"https:\/\/badhaus-wiesbaden.de\/en\/category\/day-spa\/for-two-or-more\/\">For Two or More<\/a><\/span><\/div><\/div><!-- .lae-image-info --><\/div><div class=\"lae-entry-text-wrap\"><h3 class=\"entry-title\"><a href=\"https:\/\/badhaus-wiesbaden.de\/en\/doppelpack-romantiker-upgrade\/\" title=\"Double pack for romantics &ndash;&lt;br&gt; with full body massage 55 min\" rel=\"bookmark\">Partner Package for Romantics<br> with full body massage 55 min<\/a><\/h3><div class=\"entry-summary\">Romantische Auszeit zu zweit: 55 Min. Aroma\u00f6lmassage bei Kerzenschein, Musik und Klangschale. Gilt f\u00fcr 2 Personen.<p><\/p>\n\n<section12>\n  <code12><a href=\"https:\/\/badhaus-wiesbaden.de\/en\/doppelpack-romantiker-upgrade\/\"> <input type=\"button\" class=\"floated\" id=\"weiter_button\" value=\"details\" \/><\/a><\/code12>\n<\/section12>\n<aside12>\n  <code12>248 \u20ac<\/code12>\n<\/aside12>\n\n<\/div><\/div><\/article><!-- .hentry --><\/div><\/div><!-- .lae-portfolio --><\/div><!-- .lae-portfolio-wrap -->\t\t\t\t<\/div>\n\t\t\t\t<\/div>\n\t\t\t\t\t<\/div>\n\t\t<\/div>\n\t\t\t\t\t<\/div>\n\t\t<\/section>\n\t\t\t\t<\/div>","protected":false},"excerpt":{"rendered":"<p>Unsere aktuellen Angebote Wellness-Spa zu Wellness-Sparpreisen: Ob im Fr\u00fchling, Sommer, Herbst oder Winter. Ob zu Valentinstag, Muttertag oder Weihnachten. Wir haben ganzj\u00e4hrig interessante Angebotspakete f\u00fcr Sie geschn\u00fcrt. Schauen Sie regelm\u00e4\u00dfig mal rein. Wellnesserlebnis f\u00fcr eine Person Aktuelle Angebote Wellnesserlebnis f\u00fcr eine Person Wellness-Erlebnis mit Spa-Nutzung und 80 Minuten traditionelles Bad, Packung und Aroma\u00f6l-Massage. Gilt f\u00fcr [&hellip;]<\/p>\n","protected":false},"author":3,"featured_media":0,"parent":4453,"menu_order":0,"comment_status":"closed","ping_status":"closed","template":"","meta":{"_monsterinsights_skip_tracking":false,"_monsterinsights_sitenote_active":false,"_monsterinsights_sitenote_note":"","_monsterinsights_sitenote_category":0,"ocean_post_layout":"","ocean_both_sidebars_style":"","ocean_both_sidebars_content_width":0,"ocean_both_sidebars_sidebars_width":0,"ocean_sidebar":"0","ocean_second_sidebar":"0","ocean_disable_margins":"enable","ocean_add_body_class":"","ocean_shortcode_before_top_bar":"","ocean_shortcode_after_top_bar":"","ocean_shortcode_before_header":"","ocean_shortcode_after_header":"","ocean_has_shortcode":"","ocean_shortcode_after_title":"","ocean_shortcode_before_footer_widgets":"","ocean_shortcode_after_footer_widgets":"","ocean_shortcode_before_footer_bottom":"","ocean_shortcode_after_footer_bottom":"","ocean_display_top_bar":"default","ocean_display_header":"default","ocean_header_style":"","ocean_center_header_left_menu":"0","ocean_custom_header_template":"0","ocean_custom_logo":0,"ocean_custom_retina_logo":0,"ocean_custom_logo_max_width":0,"ocean_custom_logo_tablet_max_width":0,"ocean_custom_logo_mobile_max_width":0,"ocean_custom_logo_max_height":0,"ocean_custom_logo_tablet_max_height":0,"ocean_custom_logo_mobile_max_height":0,"ocean_header_custom_menu":"0","ocean_menu_typo_font_family":"0","ocean_menu_typo_font_subset":"","ocean_menu_typo_font_size":0,"ocean_menu_typo_font_size_tablet":0,"ocean_menu_typo_font_size_mobile":0,"ocean_menu_typo_font_size_unit":"px","ocean_menu_typo_font_weight":"","ocean_menu_typo_font_weight_tablet":"","ocean_menu_typo_font_weight_mobile":"","ocean_menu_typo_transform":"","ocean_menu_typo_transform_tablet":"","ocean_menu_typo_transform_mobile":"","ocean_menu_typo_line_height":0,"ocean_menu_typo_line_height_tablet":0,"ocean_menu_typo_line_height_mobile":0,"ocean_menu_typo_line_height_unit":"","ocean_menu_typo_spacing":0,"ocean_menu_typo_spacing_tablet":0,"ocean_menu_typo_spacing_mobile":0,"ocean_menu_typo_spacing_unit":"","ocean_menu_link_color":"","ocean_menu_link_color_hover":"","ocean_menu_link_color_active":"","ocean_menu_link_background":"","ocean_menu_link_hover_background":"","ocean_menu_link_active_background":"","ocean_menu_social_links_bg":"","ocean_menu_social_hover_links_bg":"","ocean_menu_social_links_color":"","ocean_menu_social_hover_links_color":"","ocean_disable_title":"default","ocean_disable_heading":"default","ocean_post_title":"","ocean_post_subheading":"","ocean_post_title_style":"","ocean_post_title_background_color":"","ocean_post_title_background":0,"ocean_post_title_bg_image_position":"","ocean_post_title_bg_image_attachment":"","ocean_post_title_bg_image_repeat":"","ocean_post_title_bg_image_size":"","ocean_post_title_height":0,"ocean_post_title_bg_overlay":0.5,"ocean_post_title_bg_overlay_color":"","ocean_disable_breadcrumbs":"default","ocean_breadcrumbs_color":"","ocean_breadcrumbs_separator_color":"","ocean_breadcrumbs_links_color":"","ocean_breadcrumbs_links_hover_color":"","ocean_display_footer_widgets":"default","ocean_display_footer_bottom":"default","ocean_custom_footer_template":"0","footnotes":""},"class_list":["post-4455","page","type-page","status-publish","hentry","entry","has-media","owp-thumbs-layout-horizontal","owp-btn-normal","owp-tabs-layout-section","has-no-thumbnails","has-product-nav"],"_links":{"self":[{"href":"https:\/\/badhaus-wiesbaden.de\/en\/wp-json\/wp\/v2\/pages\/4455","targetHints":{"allow":["GET"]}}],"collection":[{"href":"https:\/\/badhaus-wiesbaden.de\/en\/wp-json\/wp\/v2\/pages"}],"about":[{"href":"https:\/\/badhaus-wiesbaden.de\/en\/wp-json\/wp\/v2\/types\/page"}],"author":[{"embeddable":true,"href":"https:\/\/badhaus-wiesbaden.de\/en\/wp-json\/wp\/v2\/users\/3"}],"replies":[{"embeddable":true,"href":"https:\/\/badhaus-wiesbaden.de\/en\/wp-json\/wp\/v2\/comments?post=4455"}],"version-history":[{"count":0,"href":"https:\/\/badhaus-wiesbaden.de\/en\/wp-json\/wp\/v2\/pages\/4455\/revisions"}],"up":[{"embeddable":true,"href":"https:\/\/badhaus-wiesbaden.de\/en\/wp-json\/wp\/v2\/pages\/4453"}],"wp:attachment":[{"href":"https:\/\/badhaus-wiesbaden.de\/en\/wp-json\/wp\/v2\/media?parent=4455"}],"curies":[{"name":"wp","href":"https:\/\/api.w.org\/{rel}","templated":true}]}}