{"id":4457,"date":"2020-05-07T10:15:49","date_gmt":"2020-05-07T10:15:49","guid":{"rendered":"https:\/\/badhaus-wiesbaden.de\/?page_id=4457"},"modified":"2025-05-12T10:24:08","modified_gmt":"2025-05-12T08:24:08","slug":"wohlfuehlarrangements","status":"publish","type":"page","link":"https:\/\/badhaus-wiesbaden.de\/en\/dayspa\/wohlfuehlarrangements\/","title":{"rendered":"Day Arrangements"},"content":{"rendered":"<div data-elementor-type=\"wp-page\" data-elementor-id=\"4457\" class=\"elementor elementor-4457\" data-elementor-post-type=\"page\">\n\t\t\t\t\t\t<section class=\"elementor-section elementor-top-section elementor-element elementor-element-df7a6db elementor-section-full_width elementor-section-stretched elementor-section-height-min-height elementor-section-height-default elementor-section-items-middle\" data-id=\"df7a6db\" data-element_type=\"section\" data-e-type=\"section\" data-settings=\"{&quot;stretch_section&quot;:&quot;section-stretched&quot;,&quot;background_background&quot;:&quot;classic&quot;}\">\n\t\t\t\t\t\t<div class=\"elementor-container elementor-column-gap-default\">\n\t\t\t\t\t<div class=\"elementor-column elementor-col-100 elementor-top-column elementor-element elementor-element-bed670a\" data-id=\"bed670a\" data-element_type=\"column\" data-e-type=\"column\">\n\t\t\t<div class=\"elementor-widget-wrap\">\n\t\t\t\t\t\t\t<\/div>\n\t\t<\/div>\n\t\t\t\t\t<\/div>\n\t\t<\/section>\n\t\t<div class=\"elementor-element elementor-element-8f2b30e e-flex e-con-boxed e-con e-parent\" data-id=\"8f2b30e\" data-element_type=\"container\" data-e-type=\"container\">\n\t\t\t\t\t<div class=\"e-con-inner\">\n\t\t\t\t<div class=\"elementor-element elementor-element-cd3ad94 elementor-widget elementor-widget-heading\" data-id=\"cd3ad94\" data-element_type=\"widget\" data-e-type=\"widget\" data-widget_type=\"heading.default\">\n\t\t\t\t<div class=\"elementor-widget-container\">\n\t\t\t\t\t<h1 class=\"elementor-heading-title elementor-size-default\"><br>Day Arrangements<\/h1>\t\t\t\t<\/div>\n\t\t\t\t<\/div>\n\t\t\t\t<div class=\"elementor-element elementor-element-5383be1 elementor-widget elementor-widget-text-editor\" data-id=\"5383be1\" data-element_type=\"widget\" data-e-type=\"widget\" data-widget_type=\"text-editor.default\">\n\t\t\t\t<div class=\"elementor-widget-container\">\n\t\t\t\t\t\t\t\t\t<p class=\"MsoNormal\">Relax the right way: Our day arrangements are a refreshing combination of relaxing thermal baths, cleansing treatments, and revitalizing oils and masks. Enjoy plenty of time, with no stress \u2013 includes our sauna, steam room, and our pool. In a one-of-a-kind ambiance of historical Wiesbaden spa culture.<\/p>\t\t\t\t\t\t\t\t<\/div>\n\t\t\t\t<\/div>\n\t\t\t\t<div class=\"elementor-element elementor-element-58025e4 elementor-widget elementor-widget-lae-portfolio\" data-id=\"58025e4\" data-element_type=\"widget\" data-e-type=\"widget\" data-settings=\"{&quot;per_line&quot;:&quot;3&quot;,&quot;per_line_tablet&quot;:&quot;2&quot;,&quot;per_line_mobile&quot;:&quot;1&quot;}\" data-widget_type=\"lae-portfolio.default\">\n\t\t\t\t<div class=\"elementor-widget-container\">\n\t\t\t\t\t<div class=\"lae-portfolio-wrap lae-gapless-grid\"><div id=\"lae-portfolio-69e5f44e6d7f9\" class=\"lae-portfolio js-isotope lae-fitRows lae-grid-container lae-classic-skin lae-grid-desktop-3 lae-grid-tablet-2 lae-grid-mobile-1\" data-isotope-options='{ \"itemSelector\": \".lae-portfolio-item\", \"layoutMode\": \"fitRows\", \"originLeft\": true}'><div data-id=\"id-4838\" class=\"lae-grid-item lae-portfolio-item  term-287\"><article id=\"post-4838\" class=\"post-4838 post type-post status-publish format-standard has-post-thumbnail hentry category-wohlfuehlarrangements entry has-media owp-thumbs-layout-horizontal owp-btn-normal owp-tabs-layout-section has-no-thumbnails has-product-nav\"><div class=\"lae-project-image\"><a href=\"https:\/\/badhaus-wiesbaden.de\/en\/wiesbaden-meehr\/\"\u030c\u030c><img fetchpriority=\"high\" width=\"1024\" height=\"681\" src=\"https:\/\/badhaus-wiesbaden.de\/wp-content\/uploads\/2020\/05\/Badhaus-historisches-Ambien-1024x681.jpg\" class=\"lae-image skip-lazy no-lazyload exclude-me a3-notlazy attachment-large size-large\" alt=\"Badhaus-historisches-Ambien\" title=\"Bathhouse-historical-ambient\" data-no-lazy=\"1\" loading=\"eager\" decoding=\"sync\" srcset=\"https:\/\/badhaus-wiesbaden.de\/wp-content\/uploads\/2020\/05\/Badhaus-historisches-Ambien-1024x681.jpg 1024w, https:\/\/badhaus-wiesbaden.de\/wp-content\/uploads\/2020\/05\/Badhaus-historisches-Ambien-300x200.jpg 300w, https:\/\/badhaus-wiesbaden.de\/wp-content\/uploads\/2020\/05\/Badhaus-historisches-Ambien-768x511.jpg 768w, https:\/\/badhaus-wiesbaden.de\/wp-content\/uploads\/2020\/05\/Badhaus-historisches-Ambien-1536x1022.jpg 1536w, https:\/\/badhaus-wiesbaden.de\/wp-content\/uploads\/2020\/05\/Badhaus-historisches-Ambien-18x12.jpg 18w, https:\/\/badhaus-wiesbaden.de\/wp-content\/uploads\/2020\/05\/Badhaus-historisches-Ambien-600x399.jpg 600w, https:\/\/badhaus-wiesbaden.de\/wp-content\/uploads\/2020\/05\/Badhaus-historisches-Ambien.jpg 2000w\" sizes=\"(max-width: 1024px) 100vw, 1024px\" \/><\/a><div class=\"lae-image-info\"><div class=\"lae-entry-info\"><h3 class=\"lae-post-title\"><a href=\"https:\/\/badhaus-wiesbaden.de\/en\/wiesbaden-meehr\/\" title=\"Wiesbaden &amp; Sea(h)r\" rel=\"bookmark\">Wiesbaden &amp; Mee(h)r<\/a><\/h3><span class=\"lae-terms\"><a href=\"https:\/\/badhaus-wiesbaden.de\/en\/category\/day-spa\/wohlfuehlarrangements\/\">Day Arrangements<\/a><\/span><\/div><\/div><!-- .lae-image-info --><\/div><div class=\"lae-entry-text-wrap\"><h3 class=\"entry-title\"><a href=\"https:\/\/badhaus-wiesbaden.de\/en\/wiesbaden-meehr\/\" title=\"Wiesbaden &amp; Sea(h)r\" rel=\"bookmark\">Wiesbaden &amp; Mee(h)r<\/a><\/h3><div class=\"entry-summary\">Day spa | Replenish your skin\u2019s mineral depots with treatments and hot thermal water.<p><\/p>\n<section12>\n  <code12><a href=\"https:\/\/badhaus-wiesbaden.de\/en\/wiesbaden-meehr\/\"> <input type=\"button\" class=\"floated\" id=\"weiter_button\" value=\"details\" \/><\/a><\/code12>\n<\/section12>\n<aside12>\n  <code12>159 \u20ac<\/code12>\n<\/aside12>\n\n<\/div><\/div><\/article><!-- .hentry --><\/div><div data-id=\"id-4878\" class=\"lae-grid-item lae-portfolio-item  term-287\"><article id=\"post-4878\" class=\"post-4878 post type-post status-publish format-standard has-post-thumbnail hentry category-wohlfuehlarrangements entry has-media owp-thumbs-layout-horizontal owp-btn-normal owp-tabs-layout-section has-no-thumbnails has-product-nav\"><div class=\"lae-project-image\"><a href=\"https:\/\/badhaus-wiesbaden.de\/en\/erholung\/\"\u030c\u030c><img width=\"1024\" height=\"660\" src=\"https:\/\/badhaus-wiesbaden.de\/wp-content\/uploads\/2020\/05\/DFG_2092-1024x660.jpg\" class=\"lae-image skip-lazy no-lazyload exclude-me a3-notlazy attachment-large size-large\" alt=\"DFG_2092\" title=\"DFG_2092\" data-no-lazy=\"1\" loading=\"eager\" decoding=\"sync\" srcset=\"https:\/\/badhaus-wiesbaden.de\/wp-content\/uploads\/2020\/05\/DFG_2092-1024x660.jpg 1024w, https:\/\/badhaus-wiesbaden.de\/wp-content\/uploads\/2020\/05\/DFG_2092-300x193.jpg 300w, https:\/\/badhaus-wiesbaden.de\/wp-content\/uploads\/2020\/05\/DFG_2092-768x495.jpg 768w, https:\/\/badhaus-wiesbaden.de\/wp-content\/uploads\/2020\/05\/DFG_2092-1536x991.jpg 1536w, https:\/\/badhaus-wiesbaden.de\/wp-content\/uploads\/2020\/05\/DFG_2092-2048x1321.jpg 2048w, https:\/\/badhaus-wiesbaden.de\/wp-content\/uploads\/2020\/05\/DFG_2092-18x12.jpg 18w, https:\/\/badhaus-wiesbaden.de\/wp-content\/uploads\/2020\/05\/DFG_2092-600x387.jpg 600w\" sizes=\"(max-width: 1024px) 100vw, 1024px\" \/><\/a><div class=\"lae-image-info\"><div class=\"lae-entry-info\"><h3 class=\"lae-post-title\"><a href=\"https:\/\/badhaus-wiesbaden.de\/en\/erholung\/\" title=\"Klare Momente\" rel=\"bookmark\">Klare Momente<\/a><\/h3><span class=\"lae-terms\"><a href=\"https:\/\/badhaus-wiesbaden.de\/en\/category\/day-spa\/wohlfuehlarrangements\/\">Day Arrangements<\/a><\/span><\/div><\/div><!-- .lae-image-info --><\/div><div class=\"lae-entry-text-wrap\"><h3 class=\"entry-title\"><a href=\"https:\/\/badhaus-wiesbaden.de\/en\/erholung\/\" title=\"Klare Momente\" rel=\"bookmark\">Klare Momente<\/a><\/h3><div class=\"entry-summary\">Day spa | Feel the cleansing and revitalizing power of the sea<p><\/p>\n\n<section12>\n  <code12><a href=\"https:\/\/badhaus-wiesbaden.de\/en\/erholung\/\"> <input type=\"button\" class=\"floated\" id=\"weiter_button\" value=\"details\" \/><\/a><\/code12>\n<\/section12>\n<aside12>\n  <code12>199 \u20ac<\/code12>\n<\/aside12>\n\n<\/div><\/div><\/article><!-- .hentry --><\/div><div data-id=\"id-4855\" class=\"lae-grid-item lae-portfolio-item  term-287\"><article id=\"post-4855\" class=\"post-4855 post type-post status-publish format-standard has-post-thumbnail hentry category-wohlfuehlarrangements entry has-media owp-thumbs-layout-horizontal owp-btn-normal owp-tabs-layout-section has-no-thumbnails has-product-nav\"><div class=\"lae-project-image\"><a href=\"https:\/\/badhaus-wiesbaden.de\/en\/schoenheitsbehandlung\/\"\u030c\u030c><img width=\"1024\" height=\"682\" src=\"https:\/\/badhaus-wiesbaden.de\/wp-content\/uploads\/2020\/05\/1200_DFG_2662-1024x682.jpg\" class=\"lae-image skip-lazy no-lazyload exclude-me a3-notlazy attachment-large size-large\" alt=\"1200_DFG_2662\" title=\"1200_DFG_2662\" data-no-lazy=\"1\" loading=\"eager\" decoding=\"sync\" srcset=\"https:\/\/badhaus-wiesbaden.de\/wp-content\/uploads\/2020\/05\/1200_DFG_2662-1024x682.jpg 1024w, https:\/\/badhaus-wiesbaden.de\/wp-content\/uploads\/2020\/05\/1200_DFG_2662-600x400.jpg 600w, https:\/\/badhaus-wiesbaden.de\/wp-content\/uploads\/2020\/05\/1200_DFG_2662-300x200.jpg 300w, https:\/\/badhaus-wiesbaden.de\/wp-content\/uploads\/2020\/05\/1200_DFG_2662-768x511.jpg 768w, https:\/\/badhaus-wiesbaden.de\/wp-content\/uploads\/2020\/05\/1200_DFG_2662-370x246.jpg 370w, https:\/\/badhaus-wiesbaden.de\/wp-content\/uploads\/2020\/05\/1200_DFG_2662-760x506.jpg 760w, https:\/\/badhaus-wiesbaden.de\/wp-content\/uploads\/2020\/05\/1200_DFG_2662.jpg 1200w\" sizes=\"(max-width: 1024px) 100vw, 1024px\" \/><\/a><div class=\"lae-image-info\"><div class=\"lae-entry-info\"><h3 class=\"lae-post-title\"><a href=\"https:\/\/badhaus-wiesbaden.de\/en\/schoenheitsbehandlung\/\" title=\"Sch\u00f6ne Auszeit\" rel=\"bookmark\">Sch\u00f6ne Auszeit<\/a><\/h3><span class=\"lae-terms\"><a href=\"https:\/\/badhaus-wiesbaden.de\/en\/category\/day-spa\/wohlfuehlarrangements\/\">Day Arrangements<\/a><\/span><\/div><\/div><!-- .lae-image-info --><\/div><div class=\"lae-entry-text-wrap\"><h3 class=\"entry-title\"><a href=\"https:\/\/badhaus-wiesbaden.de\/en\/schoenheitsbehandlung\/\" title=\"Sch\u00f6ne Auszeit\" rel=\"bookmark\">Sch\u00f6ne Auszeit<\/a><\/h3><div class=\"entry-summary\">Day spa | Beauty program: Enjoy your own personal romantic spa experience.<p><\/p>\n\n<section12>\n  <code12><a href=\"https:\/\/badhaus-wiesbaden.de\/en\/schoenheitsbehandlung\/\"> <input type=\"button\" class=\"floated\" id=\"weiter_button\" value=\"details\" \/><\/a><\/code12>\n<\/section12>\n<aside12>\n  <code12>209 \u20ac<\/code12>\n<\/aside12>\n\n\n\n<\/div><\/div><\/article><!-- .hentry --><\/div><div data-id=\"id-4850\" class=\"lae-grid-item lae-portfolio-item  term-287\"><article id=\"post-4850\" class=\"post-4850 post type-post status-publish format-standard has-post-thumbnail hentry category-wohlfuehlarrangements tag-ein-tag-im-badhaus entry has-media owp-thumbs-layout-horizontal owp-btn-normal owp-tabs-layout-section has-no-thumbnails has-product-nav\"><div class=\"lae-project-image\"><a href=\"https:\/\/badhaus-wiesbaden.de\/en\/entspannungstag\/\"\u030c\u030c><img width=\"1024\" height=\"682\" src=\"https:\/\/badhaus-wiesbaden.de\/wp-content\/uploads\/2020\/05\/1200_DFG_2634-1024x682.jpg\" class=\"lae-image skip-lazy no-lazyload exclude-me a3-notlazy attachment-large size-large\" alt=\"1200_DFG_2634\" title=\"1200_DFG_2634\" data-no-lazy=\"1\" loading=\"eager\" decoding=\"sync\" srcset=\"https:\/\/badhaus-wiesbaden.de\/wp-content\/uploads\/2020\/05\/1200_DFG_2634-1024x682.jpg 1024w, https:\/\/badhaus-wiesbaden.de\/wp-content\/uploads\/2020\/05\/1200_DFG_2634-600x400.jpg 600w, https:\/\/badhaus-wiesbaden.de\/wp-content\/uploads\/2020\/05\/1200_DFG_2634-300x200.jpg 300w, https:\/\/badhaus-wiesbaden.de\/wp-content\/uploads\/2020\/05\/1200_DFG_2634-768x511.jpg 768w, https:\/\/badhaus-wiesbaden.de\/wp-content\/uploads\/2020\/05\/1200_DFG_2634-370x246.jpg 370w, https:\/\/badhaus-wiesbaden.de\/wp-content\/uploads\/2020\/05\/1200_DFG_2634-760x506.jpg 760w, https:\/\/badhaus-wiesbaden.de\/wp-content\/uploads\/2020\/05\/1200_DFG_2634.jpg 1200w\" sizes=\"(max-width: 1024px) 100vw, 1024px\" \/><\/a><div class=\"lae-image-info\"><div class=\"lae-entry-info\"><h3 class=\"lae-post-title\"><a href=\"https:\/\/badhaus-wiesbaden.de\/en\/entspannungstag\/\" title=\"Pure relaxation:&lt;br&gt;A day at the Badhaus\" rel=\"bookmark\">Pure relaxation:<br>A day at the Badhaus<\/a><\/h3><span class=\"lae-terms\"><a href=\"https:\/\/badhaus-wiesbaden.de\/en\/category\/day-spa\/wohlfuehlarrangements\/\">Day Arrangements<\/a><\/span><\/div><\/div><!-- .lae-image-info --><\/div><div class=\"lae-entry-text-wrap\"><h3 class=\"entry-title\"><a href=\"https:\/\/badhaus-wiesbaden.de\/en\/entspannungstag\/\" title=\"Pure relaxation:&lt;br&gt;A day at the Badhaus\" rel=\"bookmark\">Pure relaxation:<br>A day at the Badhaus<\/a><\/h3><div class=\"entry-summary\">Day Spa | A perfect symbiosis of selected care products and traditional spa culture in a historical ambiance.<p><\/p>\n\n<section12>\n  <code12><a href=\"https:\/\/badhaus-wiesbaden.de\/en\/entspannungstag\/\"> <input type=\"button\" class=\"floated\" id=\"weiter_button\" value=\"details\" \/><\/a><\/code12>\n<\/section12>\n<aside12>\n  <code12>295 \u20ac<\/code12>\n<\/aside12>\n\n<\/div><\/div><\/article><!-- .hentry --><\/div><\/div><!-- .lae-portfolio --><\/div><!-- .lae-portfolio-wrap -->\t\t\t\t<\/div>\n\t\t\t\t<\/div>\n\t\t\t\t\t<\/div>\n\t\t\t\t<\/div>\n\t\t\t\t<\/div>","protected":false},"excerpt":{"rendered":"<p>Wohlf\u00fchlarrangements Entspannt Wellnessen: Unsere Tages-Arrangements sind ein wohltuender Mix aus entspannenden Thermalb\u00e4dern, reinigenden Anwendungen und anregenden \u00d6len und Packungen. Genie\u00dfen Sie viel Zeit in aller Ruhe \u2013 auch in unserer Sauna, dem Dampfbad oder unserem Pool. In einem einzigartigen Ambiente traditionsreicher Wiesbadener Badekultur. Wiesbaden &#038; Mee(h)r Wohlf\u00fchlarrangements Wiesbaden &#038; Mee(h)r Day Spa | F\u00fcllen Sie [&hellip;]<\/p>\n","protected":false},"author":3,"featured_media":0,"parent":4453,"menu_order":0,"comment_status":"closed","ping_status":"closed","template":"","meta":{"_monsterinsights_skip_tracking":false,"_monsterinsights_sitenote_active":false,"_monsterinsights_sitenote_note":"","_monsterinsights_sitenote_category":0,"ocean_post_layout":"","ocean_both_sidebars_style":"","ocean_both_sidebars_content_width":0,"ocean_both_sidebars_sidebars_width":0,"ocean_sidebar":"","ocean_second_sidebar":"","ocean_disable_margins":"enable","ocean_add_body_class":"","ocean_shortcode_before_top_bar":"","ocean_shortcode_after_top_bar":"","ocean_shortcode_before_header":"","ocean_shortcode_after_header":"","ocean_has_shortcode":"","ocean_shortcode_after_title":"","ocean_shortcode_before_footer_widgets":"","ocean_shortcode_after_footer_widgets":"","ocean_shortcode_before_footer_bottom":"","ocean_shortcode_after_footer_bottom":"","ocean_display_top_bar":"default","ocean_display_header":"default","ocean_header_style":"","ocean_center_header_left_menu":"","ocean_custom_header_template":"","ocean_custom_logo":0,"ocean_custom_retina_logo":0,"ocean_custom_logo_max_width":0,"ocean_custom_logo_tablet_max_width":0,"ocean_custom_logo_mobile_max_width":0,"ocean_custom_logo_max_height":0,"ocean_custom_logo_tablet_max_height":0,"ocean_custom_logo_mobile_max_height":0,"ocean_header_custom_menu":"","ocean_menu_typo_font_family":"","ocean_menu_typo_font_subset":"","ocean_menu_typo_font_size":0,"ocean_menu_typo_font_size_tablet":0,"ocean_menu_typo_font_size_mobile":0,"ocean_menu_typo_font_size_unit":"px","ocean_menu_typo_font_weight":"","ocean_menu_typo_font_weight_tablet":"","ocean_menu_typo_font_weight_mobile":"","ocean_menu_typo_transform":"","ocean_menu_typo_transform_tablet":"","ocean_menu_typo_transform_mobile":"","ocean_menu_typo_line_height":0,"ocean_menu_typo_line_height_tablet":0,"ocean_menu_typo_line_height_mobile":0,"ocean_menu_typo_line_height_unit":"","ocean_menu_typo_spacing":0,"ocean_menu_typo_spacing_tablet":0,"ocean_menu_typo_spacing_mobile":0,"ocean_menu_typo_spacing_unit":"","ocean_menu_link_color":"","ocean_menu_link_color_hover":"","ocean_menu_link_color_active":"","ocean_menu_link_background":"","ocean_menu_link_hover_background":"","ocean_menu_link_active_background":"","ocean_menu_social_links_bg":"","ocean_menu_social_hover_links_bg":"","ocean_menu_social_links_color":"","ocean_menu_social_hover_links_color":"","ocean_disable_title":"default","ocean_disable_heading":"default","ocean_post_title":"","ocean_post_subheading":"","ocean_post_title_style":"","ocean_post_title_background_color":"","ocean_post_title_background":0,"ocean_post_title_bg_image_position":"","ocean_post_title_bg_image_attachment":"","ocean_post_title_bg_image_repeat":"","ocean_post_title_bg_image_size":"","ocean_post_title_height":0,"ocean_post_title_bg_overlay":0.5,"ocean_post_title_bg_overlay_color":"","ocean_disable_breadcrumbs":"default","ocean_breadcrumbs_color":"","ocean_breadcrumbs_separator_color":"","ocean_breadcrumbs_links_color":"","ocean_breadcrumbs_links_hover_color":"","ocean_display_footer_widgets":"default","ocean_display_footer_bottom":"default","ocean_custom_footer_template":"","footnotes":""},"class_list":["post-4457","page","type-page","status-publish","hentry","entry","has-media","owp-thumbs-layout-horizontal","owp-btn-normal","owp-tabs-layout-section","has-no-thumbnails","has-product-nav"],"_links":{"self":[{"href":"https:\/\/badhaus-wiesbaden.de\/en\/wp-json\/wp\/v2\/pages\/4457","targetHints":{"allow":["GET"]}}],"collection":[{"href":"https:\/\/badhaus-wiesbaden.de\/en\/wp-json\/wp\/v2\/pages"}],"about":[{"href":"https:\/\/badhaus-wiesbaden.de\/en\/wp-json\/wp\/v2\/types\/page"}],"author":[{"embeddable":true,"href":"https:\/\/badhaus-wiesbaden.de\/en\/wp-json\/wp\/v2\/users\/3"}],"replies":[{"embeddable":true,"href":"https:\/\/badhaus-wiesbaden.de\/en\/wp-json\/wp\/v2\/comments?post=4457"}],"version-history":[{"count":3,"href":"https:\/\/badhaus-wiesbaden.de\/en\/wp-json\/wp\/v2\/pages\/4457\/revisions"}],"predecessor-version":[{"id":25577,"href":"https:\/\/badhaus-wiesbaden.de\/en\/wp-json\/wp\/v2\/pages\/4457\/revisions\/25577"}],"up":[{"embeddable":true,"href":"https:\/\/badhaus-wiesbaden.de\/en\/wp-json\/wp\/v2\/pages\/4453"}],"wp:attachment":[{"href":"https:\/\/badhaus-wiesbaden.de\/en\/wp-json\/wp\/v2\/media?parent=4457"}],"curies":[{"name":"wp","href":"https:\/\/api.w.org\/{rel}","templated":true}]}}