{"id":7103,"date":"2020-06-26T15:07:55","date_gmt":"2020-06-26T15:07:55","guid":{"rendered":"https:\/\/badhaus-wiesbaden.de\/?page_id=7103"},"modified":"2024-11-14T15:10:44","modified_gmt":"2024-11-14T14:10:44","slug":"agb","status":"publish","type":"page","link":"https:\/\/badhaus-wiesbaden.de\/en\/agb\/","title":{"rendered":"AGB"},"content":{"rendered":"<div data-elementor-type=\"wp-page\" data-elementor-id=\"7103\" class=\"elementor elementor-7103\" data-elementor-post-type=\"page\">\n\t\t\t\t\t\t<section class=\"elementor-section elementor-top-section elementor-element elementor-element-542087ca elementor-section-boxed elementor-section-height-default elementor-section-height-default\" data-id=\"542087ca\" data-element_type=\"section\" data-e-type=\"section\">\n\t\t\t\t\t\t<div class=\"elementor-container elementor-column-gap-default\">\n\t\t\t\t\t<div class=\"elementor-column elementor-col-100 elementor-top-column elementor-element elementor-element-1668fdd5\" data-id=\"1668fdd5\" data-element_type=\"column\" data-e-type=\"column\">\n\t\t\t<div class=\"elementor-widget-wrap elementor-element-populated\">\n\t\t\t\t\t\t<div class=\"elementor-element elementor-element-5e3b7d2e elementor-widget elementor-widget-text-editor\" data-id=\"5e3b7d2e\" data-element_type=\"widget\" data-e-type=\"widget\" data-widget_type=\"text-editor.default\">\n\t\t\t\t<div class=\"elementor-widget-container\">\n\t\t\t\t\t\t\t\t\t<p><\/p>\n<p><strong>Allgemeine Gesch\u00e4ftsbedingungen BSBW Betriebsgesellschaft mbH (nachfolgend \u201eBSBW\u201c genannt)<\/strong><\/p>\n<p>\n\n<\/p>\n<p><strong>\u00a7 1 Allgemeines<br \/><\/strong>F\u00fcr alle Rechtsgesch\u00e4fte mit Kunden gelten ausschlie\u00dflich unsere \u201eAllgemeinen Gesch\u00e4ftsbedingungen&#8220;. Diese k\u00f6nnen nur durch schriftliche Individualvereinbarungen ge\u00e4ndert werden. Andere allgemeine Gesch\u00e4ftsbedingungen finden keine Anwendung. BSBW beh\u00e4lt sich \u00c4nderungen der Allgemeinen Gesch\u00e4ftsbedingungen vor. Preise gelten bis zum Erscheinen einer neuen Preisliste. Ma\u00dfgeblich ist die zum Zeitpunkt des Vertragsabschlusses g\u00fcltige Fassung der Preisliste. Bei abweichenden Preisen innerhalb gleicher Angebote gelten die Preise im Internet. F\u00fcr Sonderangebote gelten die angebotenen Preise auf die Sonderaktion befristet. Erbrachte Dienstleistungen sind sp\u00e4testens nach der Behandlung direkt in den Gesch\u00e4ftsr\u00e4umen von BSBW zu bezahlen, sofern nichts anderes vereinbart wurde. Diese Bedingungen werden mit Auftragserteilung anerkannt und finden Geltung. Die g\u00fcltigen Preise von BSBW beinhalten die gesetzliche Mehrwertsteuer von 19 % (bzw. zwischen dem 01.07.2020 &#8211; 31.12.2020 16%). Die Nutzung der Gesch\u00e4ftsr\u00e4ume der BSBW erfolgt durch die Kunden auf eigene Gefahr. Zudem \u00fcbernimmt BSBW keine Haftung f\u00fcr von Kunden in die Gesch\u00e4ftsr\u00e4ume mitgebrachten Gegenst\u00e4nde wie z.B. Kleidung, Schmuck, Brillen usw. <br \/><strong>\u00a7 2 Terminvereinbarungen<br \/><\/strong>Terminvereinbarungen k\u00f6nnen pers\u00f6nlich, telefonisch oder per E-Mail vorgenommen werden. Termine gelten erst als best\u00e4tigt, wenn BSBW eine Best\u00e4tigungsemail versandt hat. Versp\u00e4tetes Erscheinen zum vereinbarten Termin kann, auch im Interesse der nachfolgenden Kunden, von der Behandlungszeit abgezogen werden. F\u00fcr eine vom Kunden gew\u00fcnschte K\u00fcrzung der Behandlung w\u00e4hrend des Termins k\u00f6nnen preislichen Verg\u00fcnstigungen nicht gew\u00e4hrt werden. Es ist der volle Behandlungspreis gem\u00e4\u00df Buchung zu zahlen. <br \/><strong>\u00a7 3 Terminverschiebungen\/ -absagen und Stornobedingungen<br \/><\/strong> Termine, die nicht eingehalten werden k\u00f6nnen, m\u00fcssen mindestens 24 Stunden vorher pers\u00f6nlich, telefonisch oder per E-Mail abgesagt werden. F\u00fcr Behandlungen, deren Termine nicht innerhalb der oben genannten Frist abgesagt werden, f\u00e4llt eine Stornopauschale in H\u00f6he von 50 % des Behandlungspreises an. Bei unentschuldigtem Nichterscheinen zu einem Termin wird der Behandlungspreis zu 100% in Rechnung gestellt bzw. Gutscheine verfallen, sollte nichts anderes vereinbart worden sein. <br \/>F\u00fcr Gruppenbuchungen ab 4 Personen gelten die folgenden Stornobedingungen: Bei Terminabsagen bis 7 Tage vor Behandlungsbeginn fallen keine Stornogeb\u00fchren an, innerhalb von 7 Tagen 50 % des Preises der von Ihnen gebuchten Badhausleistung. Bei Nichterscheinen wird der Preis zu 100 % in Rechnung gestellt bzw. Gutscheine verfallen.<br \/><strong>\u00a7 4 Gutscheinerwerb<br \/><\/strong>Gutscheine k\u00f6nnen direkt in den Gesch\u00e4ftsr\u00e4umen von BSBW, online \u00fcber die Homepage oder per Telefon und E-Mail gekauft werden. Beim Kauf in unsere Gesch\u00e4ftsr\u00e4ume sind Gutscheine bei \u00dcbergabe vollst\u00e4ndig zu bezahlen. Bei Onlinekauf erhalten Kunden die Gutscheine umgehend zum Selbstausdruck. Der Kunde kann zwischen verschiedenen Zahlungsmodalit\u00e4ten w\u00e4hlen und die Zahlung fristgerecht ausf\u00fchren. Beim Kauf per Telefon oder E-Mail erfolgt der Versand der Gutscheine und der Rechnung per Post. Der Versand von Gutscheinen wird sofort nach Auftragserteilung &#8211; in der Regel am selben Werktag &#8211; vorgenommen. Die Lieferung von Gutscheinen erfolgt an die vom Kunden angegebene Lieferadresse. BSBW \u00fcbernimmt keine Haftung f\u00fcr z.B. zu sp\u00e4t zugestellte Gutscheine und damit verbundene Sch\u00e4den. Die Kosten f\u00fcr Versand, Verpackung und Bearbeitung betragen \u20ac 5,00. Nach Eingang des Gutscheines ist der Kunde verpflichtet, die beiliegende Rechnung innerhalb von 8 Tagen auf das angegebene Konto von BSBW zu \u00fcberweisen. <br \/><strong>\u00a7 5 Widerrufsrecht<br \/><\/strong>Bei Gutscheinen k\u00f6nnen Vertragserkl\u00e4rung innerhalb von zwei Wochen ohne Angabe von Gr\u00fcnden in Textform (z.B. Brief, Fax, E-Mail) oder durch R\u00fccksendung des Gutscheines widerrufen werden. Die Frist beginnt nach Erhalt der Gutscheine. Zur Wahrung der Widerrufsfrist gen\u00fcgt die rechtzeitige Absendung des Widerrufs oder des Gutscheines. Der Widerruf ist zu richten an: BSBW Betriebsgesellschaft mbH, Hauptstra\u00dfe 48, 54529 Spangdahlem Internet: <a href=\"https:\/\/badhaus-wiesbaden.de\/en\/\">www.badhaus-wiesbaden.de<\/a> <br \/><strong>\u00a7 6 Gutscheineinl\u00f6sung<\/strong> <br \/>Zum Einl\u00f6sen von Gutscheinen muss eine Terminvereinbarung erfolgen und der Gutschein muss zum Termin mitgebracht werden. BSBW l\u00f6st nur Gutscheine ein, die vollst\u00e4ndig bezahlt und g\u00fcltig sind. Sollte die Terminvereinbarung nicht eingehalten werden k\u00f6nnen, muss der Termin unter Ber\u00fccksichtigung der unter \u00a7 2 genannten Fristen abgesagt werden. Erfolgt die Terminabsage nicht innerhalb der unter \u00a7 2 genannten Fristen, beh\u00e4lt sich BSBW das Recht vor, die in \u00a7 3 genannten Stornogeb\u00fchren vom Gutscheinwert abzuziehen und die Leistung entsprechend zu k\u00fcrzen. Bei Nichterscheinen ohne Absage gilt der Gutschein als eingel\u00f6st und verliert seine G\u00fcltigkeit. <br \/><strong>\u00a7 7 Datenschutz<br \/><\/strong>An uns \u00fcbermittelte Daten wie Namen, Adresse, Telefonnummer oder E-Mail Adresse (personenbezogene Daten) verwenden wir ausschlie\u00dflich zum Zwecke der Bearbeitung von Kundenanfrage oder der Abwicklung Ihrer Bestellung. Kundendaten werden von uns nicht an Dritte weitergegeben. <strong><br \/>\u00a7 8 Haftungsausschluss bei Behandlungen und Behandlungszeiten<br \/><\/strong>Die Behandlungen dienen der Entspannung und Aktivierung der Selbstheilungskr\u00e4fte des K\u00f6rpers und werden nur an gesunden Kunden ausgef\u00fchrt. Vor Durchf\u00fchrung der Behandlung sind die Kunden verpflichtet, den behandelnden Mitarbeitern alle Ausschlussgr\u00fcnde, die gegen eine Durchf\u00fchrung der Behandlung sprechen, mitzuteilen. Ausschlussgr\u00fcnde k\u00f6nnen z.B. Erkrankungen, Allergien, ein druckempfindliche Haut und Schwangerschaft sein. Sofern trotz fachkundiger Anwendung Folgesch\u00e4den auftreten, die darauf zur\u00fcckzuf\u00fchren sind, dass ein Kunde Ausschlussgr\u00fcnde verschwiegen hat, sind wir von jeder Haftung freigestellt. Gleiches gilt f\u00fcr Sch\u00e4den, die dadurch entstehen, weil ein Ausschlussgrund dem Kunden selbst nicht bekannt und f\u00fcr uns nicht erkennbar war. Die Behandlungszeiten beginnen mit dem Betreten der Behandlungsr\u00e4ume und beinhalten die Zeit zum Aus- und Ankleiden. Die Ruhezeiten am Ende der Behandlung gelten ebenfalls als Behandlungszeit. Die Ruhezeit betr\u00e4gt in der Regel ca. 10 % der gesamten Behandlungszeit. <br \/><strong>\u00a7 9 Anwendbares Recht\/ Gerichtsstand<br \/><\/strong>Gerichtsstand ist Bitburg &#8211; Deutschland. Es gilt deutsches Recht.<\/p>\n<p><\/p>\n<p><div class=\"woocommerce woocommerce-gzd woocommerce-gzd-complaints-shortcode\">\n\t\t\t<h3>Alternative Dispute Resolution in accordance with Art. 14 (1) ODR-VO and \u00a7 36 VSBG:<\/h3>\n\t\nZur Teilnahme an einem Streitbeilegungsverfahren vor einer Verbraucherschlichtungsstelle sind wir nicht verpflichtet und nicht bereit.<\/div><\/p>\t\t\t\t\t\t\t\t<\/div>\n\t\t\t\t<\/div>\n\t\t\t\t\t<\/div>\n\t\t<\/div>\n\t\t\t\t\t<\/div>\n\t\t<\/section>\n\t\t\t\t<\/div>","protected":false},"excerpt":{"rendered":"<p>Allgemeine Gesch\u00e4ftsbedingungen BSBW Betriebsgesellschaft mbH (nachfolgend \u201eBSBW\u201c genannt) \u00a7 1 AllgemeinesF\u00fcr alle Rechtsgesch\u00e4fte mit Kunden gelten ausschlie\u00dflich unsere \u201eAllgemeinen Gesch\u00e4ftsbedingungen&#8220;. Diese k\u00f6nnen nur durch schriftliche Individualvereinbarungen ge\u00e4ndert werden. Andere allgemeine Gesch\u00e4ftsbedingungen finden keine Anwendung. BSBW beh\u00e4lt sich \u00c4nderungen der Allgemeinen Gesch\u00e4ftsbedingungen vor. Preise gelten bis zum Erscheinen einer neuen Preisliste. Ma\u00dfgeblich ist die zum Zeitpunkt [&hellip;]<\/p>\n","protected":false},"author":3,"featured_media":0,"parent":0,"menu_order":0,"comment_status":"closed","ping_status":"closed","template":"","meta":{"_monsterinsights_skip_tracking":false,"_monsterinsights_sitenote_active":false,"_monsterinsights_sitenote_note":"","_monsterinsights_sitenote_category":0,"ocean_post_layout":"","ocean_both_sidebars_style":"","ocean_both_sidebars_content_width":0,"ocean_both_sidebars_sidebars_width":0,"ocean_sidebar":"","ocean_second_sidebar":"","ocean_disable_margins":"enable","ocean_add_body_class":"","ocean_shortcode_before_top_bar":"","ocean_shortcode_after_top_bar":"","ocean_shortcode_before_header":"","ocean_shortcode_after_header":"","ocean_has_shortcode":"","ocean_shortcode_after_title":"","ocean_shortcode_before_footer_widgets":"","ocean_shortcode_after_footer_widgets":"","ocean_shortcode_before_footer_bottom":"","ocean_shortcode_after_footer_bottom":"","ocean_display_top_bar":"default","ocean_display_header":"default","ocean_header_style":"","ocean_center_header_left_menu":"","ocean_custom_header_template":"","ocean_custom_logo":0,"ocean_custom_retina_logo":0,"ocean_custom_logo_max_width":0,"ocean_custom_logo_tablet_max_width":0,"ocean_custom_logo_mobile_max_width":0,"ocean_custom_logo_max_height":0,"ocean_custom_logo_tablet_max_height":0,"ocean_custom_logo_mobile_max_height":0,"ocean_header_custom_menu":"","ocean_menu_typo_font_family":"","ocean_menu_typo_font_subset":"","ocean_menu_typo_font_size":0,"ocean_menu_typo_font_size_tablet":0,"ocean_menu_typo_font_size_mobile":0,"ocean_menu_typo_font_size_unit":"px","ocean_menu_typo_font_weight":"","ocean_menu_typo_font_weight_tablet":"","ocean_menu_typo_font_weight_mobile":"","ocean_menu_typo_transform":"","ocean_menu_typo_transform_tablet":"","ocean_menu_typo_transform_mobile":"","ocean_menu_typo_line_height":0,"ocean_menu_typo_line_height_tablet":0,"ocean_menu_typo_line_height_mobile":0,"ocean_menu_typo_line_height_unit":"","ocean_menu_typo_spacing":0,"ocean_menu_typo_spacing_tablet":0,"ocean_menu_typo_spacing_mobile":0,"ocean_menu_typo_spacing_unit":"","ocean_menu_link_color":"","ocean_menu_link_color_hover":"","ocean_menu_link_color_active":"","ocean_menu_link_background":"","ocean_menu_link_hover_background":"","ocean_menu_link_active_background":"","ocean_menu_social_links_bg":"","ocean_menu_social_hover_links_bg":"","ocean_menu_social_links_color":"","ocean_menu_social_hover_links_color":"","ocean_disable_title":"default","ocean_disable_heading":"default","ocean_post_title":"","ocean_post_subheading":"","ocean_post_title_style":"","ocean_post_title_background_color":"","ocean_post_title_background":0,"ocean_post_title_bg_image_position":"","ocean_post_title_bg_image_attachment":"","ocean_post_title_bg_image_repeat":"","ocean_post_title_bg_image_size":"","ocean_post_title_height":0,"ocean_post_title_bg_overlay":0.5,"ocean_post_title_bg_overlay_color":"","ocean_disable_breadcrumbs":"default","ocean_breadcrumbs_color":"","ocean_breadcrumbs_separator_color":"","ocean_breadcrumbs_links_color":"","ocean_breadcrumbs_links_hover_color":"","ocean_display_footer_widgets":"default","ocean_display_footer_bottom":"default","ocean_custom_footer_template":"","footnotes":""},"class_list":["post-7103","page","type-page","status-publish","hentry","entry","owp-thumbs-layout-horizontal","owp-btn-normal","owp-tabs-layout-section","has-no-thumbnails","has-product-nav"],"_links":{"self":[{"href":"https:\/\/badhaus-wiesbaden.de\/en\/wp-json\/wp\/v2\/pages\/7103","targetHints":{"allow":["GET"]}}],"collection":[{"href":"https:\/\/badhaus-wiesbaden.de\/en\/wp-json\/wp\/v2\/pages"}],"about":[{"href":"https:\/\/badhaus-wiesbaden.de\/en\/wp-json\/wp\/v2\/types\/page"}],"author":[{"embeddable":true,"href":"https:\/\/badhaus-wiesbaden.de\/en\/wp-json\/wp\/v2\/users\/3"}],"replies":[{"embeddable":true,"href":"https:\/\/badhaus-wiesbaden.de\/en\/wp-json\/wp\/v2\/comments?post=7103"}],"version-history":[{"count":0,"href":"https:\/\/badhaus-wiesbaden.de\/en\/wp-json\/wp\/v2\/pages\/7103\/revisions"}],"wp:attachment":[{"href":"https:\/\/badhaus-wiesbaden.de\/en\/wp-json\/wp\/v2\/media?parent=7103"}],"curies":[{"name":"wp","href":"https:\/\/api.w.org\/{rel}","templated":true}]}}