{"id":18194,"date":"2022-12-20T09:55:03","date_gmt":"2022-12-20T08:55:03","guid":{"rendered":"https:\/\/badhaus-wiesbaden.de\/?post_type=product&#038;p=18194"},"modified":"2025-04-14T11:04:45","modified_gmt":"2025-04-14T09:04:45","slug":"luxury-facial-treatment","status":"publish","type":"product","link":"https:\/\/badhaus-wiesbaden.de\/en\/product\/luxury-facial-treatment\/","title":{"rendered":"Luxury Facial Treatment 90 minutes"},"content":{"rendered":"<p>Hochwirksame Essenzen und stimulierende Massagegriffe, tief in die Haut eingebracht, aktivieren das Gewebe von Gesicht, Hals und Dekollet\u00e9. Die Haut wird effektiv gegl\u00e4ttet, von Altlasten befreit und erh\u00e4lt dadurch ein j\u00fcngeres Aussehen. G\u00f6nnen Sie Ihrer Haut Zeit zur Erholung mit unserem individuellen Intensivprogramm. Dabei verwenden wir die hauttypspezifische Anti-Age- Pflegeprodukte der Serien Dr. Babor, Dr. Babor pro oder Babor HSR. Die erforderlichen Produkte werden nach Hautanalyse auf das Hautbild angepasst.<\/p>\n<p>Behandlungsablauf:<\/p>\n<ul>\n<li>Hautdiagnose<\/li>\n<li>Doppel-Reinigung incl. Skin Activator Mask<\/li>\n<li>Peeling je nach Hautbed\u00fcrfnis<\/li>\n<li>Ausreinigung<\/li>\n<li>Augenbrauen-Korrektur<\/li>\n<li>Wirkstoffkonzentrat<\/li>\n<li>Lymphdrainage oder Edelsteinmassage nach Hautbed\u00fcrfnis<\/li>\n<li>Maske je nach Hautbed\u00fcrfnis<\/li>\n<li>Individuelle Abschlusspflege<\/li>\n<\/ul>","protected":false},"excerpt":{"rendered":"<p>Hochwirksame Essenzen und stimulierende Massagegriffe, tief in die Haut eingebracht, aktivieren das Gewebe von Gesicht, Hals und Dekollet\u00e9.<\/p>\n<p>Luxury Treatment 120 Minuten mit l\u00e4ngerer Massage<\/p>","protected":false},"featured_media":18420,"template":"","meta":{"_monsterinsights_skip_tracking":false,"_monsterinsights_sitenote_active":false,"_monsterinsights_sitenote_note":"","_monsterinsights_sitenote_category":0,"ocean_post_layout":"","ocean_both_sidebars_style":"","ocean_both_sidebars_content_width":0,"ocean_both_sidebars_sidebars_width":0,"ocean_sidebar":"0","ocean_second_sidebar":"0","ocean_disable_margins":"enable","ocean_add_body_class":"","ocean_shortcode_before_top_bar":"","ocean_shortcode_after_top_bar":"","ocean_shortcode_before_header":"","ocean_shortcode_after_header":"","ocean_has_shortcode":"","ocean_shortcode_after_title":"","ocean_shortcode_before_footer_widgets":"","ocean_shortcode_after_footer_widgets":"","ocean_shortcode_before_footer_bottom":"","ocean_shortcode_after_footer_bottom":"","ocean_display_top_bar":"default","ocean_display_header":"default","ocean_header_style":"","ocean_center_header_left_menu":"0","ocean_custom_header_template":"0","ocean_custom_logo":0,"ocean_custom_retina_logo":0,"ocean_custom_logo_max_width":0,"ocean_custom_logo_tablet_max_width":0,"ocean_custom_logo_mobile_max_width":0,"ocean_custom_logo_max_height":0,"ocean_custom_logo_tablet_max_height":0,"ocean_custom_logo_mobile_max_height":0,"ocean_header_custom_menu":"0","ocean_menu_typo_font_family":"0","ocean_menu_typo_font_subset":"","ocean_menu_typo_font_size":0,"ocean_menu_typo_font_size_tablet":0,"ocean_menu_typo_font_size_mobile":0,"ocean_menu_typo_font_size_unit":"px","ocean_menu_typo_font_weight":"","ocean_menu_typo_font_weight_tablet":"","ocean_menu_typo_font_weight_mobile":"","ocean_menu_typo_transform":"","ocean_menu_typo_transform_tablet":"","ocean_menu_typo_transform_mobile":"","ocean_menu_typo_line_height":0,"ocean_menu_typo_line_height_tablet":0,"ocean_menu_typo_line_height_mobile":0,"ocean_menu_typo_line_height_unit":"","ocean_menu_typo_spacing":0,"ocean_menu_typo_spacing_tablet":0,"ocean_menu_typo_spacing_mobile":0,"ocean_menu_typo_spacing_unit":"","ocean_menu_link_color":"","ocean_menu_link_color_hover":"","ocean_menu_link_color_active":"","ocean_menu_link_background":"","ocean_menu_link_hover_background":"","ocean_menu_link_active_background":"","ocean_menu_social_links_bg":"","ocean_menu_social_hover_links_bg":"","ocean_menu_social_links_color":"","ocean_menu_social_hover_links_color":"","ocean_disable_title":"default","ocean_disable_heading":"default","ocean_post_title":"","ocean_post_subheading":"","ocean_post_title_style":"","ocean_post_title_background_color":"","ocean_post_title_background":0,"ocean_post_title_bg_image_position":"","ocean_post_title_bg_image_attachment":"","ocean_post_title_bg_image_repeat":"","ocean_post_title_bg_image_size":"","ocean_post_title_height":0,"ocean_post_title_bg_overlay":0.5,"ocean_post_title_bg_overlay_color":"","ocean_disable_breadcrumbs":"default","ocean_breadcrumbs_color":"","ocean_breadcrumbs_separator_color":"","ocean_breadcrumbs_links_color":"","ocean_breadcrumbs_links_hover_color":"","ocean_display_footer_widgets":"default","ocean_display_footer_bottom":"default","ocean_custom_footer_template":"0"},"product_brand":[],"product_cat":[400,94],"product_tag":[104],"class_list":{"0":"post-18194","1":"product","2":"type-product","3":"status-publish","4":"has-post-thumbnail","6":"product_cat-beauty","7":"product_cat-mwb_gw_giftcard","8":"product_tag-jungbrunnen","9":"product_shipping_class-gutschein-pdf","11":"entry","12":"has-media","14":"first","15":"instock","16":"downloadable","17":"virtual","18":"taxable","19":"purchasable","20":"product-type-simple","21":"has-product-nav","22":"col","23":"span_1_of_4","24":"owp-content-center","25":"owp-thumbs-layout-horizontal","26":"owp-btn-normal","27":"owp-tabs-layout-section","28":"has-no-thumbnails"},"_links":{"self":[{"href":"https:\/\/badhaus-wiesbaden.de\/en\/wp-json\/wp\/v2\/product\/18194","targetHints":{"allow":["GET"]}}],"collection":[{"href":"https:\/\/badhaus-wiesbaden.de\/en\/wp-json\/wp\/v2\/product"}],"about":[{"href":"https:\/\/badhaus-wiesbaden.de\/en\/wp-json\/wp\/v2\/types\/product"}],"wp:featuredmedia":[{"embeddable":true,"href":"https:\/\/badhaus-wiesbaden.de\/en\/wp-json\/wp\/v2\/media\/18420"}],"wp:attachment":[{"href":"https:\/\/badhaus-wiesbaden.de\/en\/wp-json\/wp\/v2\/media?parent=18194"}],"wp:term":[{"taxonomy":"product_brand","embeddable":true,"href":"https:\/\/badhaus-wiesbaden.de\/en\/wp-json\/wp\/v2\/product_brand?post=18194"},{"taxonomy":"product_cat","embeddable":true,"href":"https:\/\/badhaus-wiesbaden.de\/en\/wp-json\/wp\/v2\/product_cat?post=18194"},{"taxonomy":"product_tag","embeddable":true,"href":"https:\/\/badhaus-wiesbaden.de\/en\/wp-json\/wp\/v2\/product_tag?post=18194"}],"curies":[{"name":"wp","href":"https:\/\/api.w.org\/{rel}","templated":true}]}}