{"id":18205,"date":"2022-12-20T10:13:09","date_gmt":"2022-12-20T09:13:09","guid":{"rendered":"https:\/\/badhaus-wiesbaden.de\/?post_type=product&#038;p=18205"},"modified":"2025-04-14T11:09:46","modified_gmt":"2025-04-14T09:09:46","slug":"teenager-facial-treatment","status":"publish","type":"product","link":"https:\/\/badhaus-wiesbaden.de\/en\/product\/teenager-facial-treatment\/","title":{"rendered":"Teenager Facial Treatment (Acne-Treatment)"},"content":{"rendered":"<p>Unsere Teenager-Gesichtsbehandlung stellt die Hautreinigung sicher, verringert \u00fcberm\u00e4\u00dfige Talkproduktion und verhindert die Entwicklung von\u00a0<a href=\"https:\/\/de.wikipedia.org\/wiki\/Akne\" target=\"_blank\" rel=\"noopener\">Akne<\/a>\u00a0und entstehende Narben. Dazu verwenden wir die hauttypspezifische Pflegeserie SKINOVAGE von Babor. Die erforderlichen Produkte werden nach Hautanalyse auf das Hautbild angepasst.<\/p>\n<p>Behandlungsablauf:<\/p>\n<ul>\n<li>Hautdiagnose<\/li>\n<li>Doppel-Reinigung incl. Skin Activator Mask<\/li>\n<li>Intensive Ausreinigung<\/li>\n<li>Wirkstoffkonzentrat<\/li>\n<li>HF-Stab-Behandlung<\/li>\n<li>Maske<\/li>\n<li>auf Wunsch Lymphdrainage<\/li>\n<li>Abschlusspflege<\/li>\n<\/ul>","protected":false},"excerpt":{"rendered":"<p>Teenager-Gesichtsbehandlung f\u00fcr eine reine, sch\u00f6ne Haut<\/p>\n<p>Teenager Treatment 60 Minuten<\/p>\n<p><strong>Unsere Empfehlung:<\/strong> Nutzen Sie die Vorteile der Lymphdrainage. Hierdurch werden die Schadstoffe ausgetragen und die Haut so entgiftet.<\/p>","protected":false},"featured_media":18403,"template":"","meta":{"_monsterinsights_skip_tracking":false,"_monsterinsights_sitenote_active":false,"_monsterinsights_sitenote_note":"","_monsterinsights_sitenote_category":0,"ocean_post_layout":"","ocean_both_sidebars_style":"","ocean_both_sidebars_content_width":0,"ocean_both_sidebars_sidebars_width":0,"ocean_sidebar":"0","ocean_second_sidebar":"0","ocean_disable_margins":"enable","ocean_add_body_class":"","ocean_shortcode_before_top_bar":"","ocean_shortcode_after_top_bar":"","ocean_shortcode_before_header":"","ocean_shortcode_after_header":"","ocean_has_shortcode":"","ocean_shortcode_after_title":"","ocean_shortcode_before_footer_widgets":"","ocean_shortcode_after_footer_widgets":"","ocean_shortcode_before_footer_bottom":"","ocean_shortcode_after_footer_bottom":"","ocean_display_top_bar":"default","ocean_display_header":"default","ocean_header_style":"","ocean_center_header_left_menu":"0","ocean_custom_header_template":"0","ocean_custom_logo":0,"ocean_custom_retina_logo":0,"ocean_custom_logo_max_width":0,"ocean_custom_logo_tablet_max_width":0,"ocean_custom_logo_mobile_max_width":0,"ocean_custom_logo_max_height":0,"ocean_custom_logo_tablet_max_height":0,"ocean_custom_logo_mobile_max_height":0,"ocean_header_custom_menu":"0","ocean_menu_typo_font_family":"0","ocean_menu_typo_font_subset":"","ocean_menu_typo_font_size":0,"ocean_menu_typo_font_size_tablet":0,"ocean_menu_typo_font_size_mobile":0,"ocean_menu_typo_font_size_unit":"px","ocean_menu_typo_font_weight":"","ocean_menu_typo_font_weight_tablet":"","ocean_menu_typo_font_weight_mobile":"","ocean_menu_typo_transform":"","ocean_menu_typo_transform_tablet":"","ocean_menu_typo_transform_mobile":"","ocean_menu_typo_line_height":0,"ocean_menu_typo_line_height_tablet":0,"ocean_menu_typo_line_height_mobile":0,"ocean_menu_typo_line_height_unit":"","ocean_menu_typo_spacing":0,"ocean_menu_typo_spacing_tablet":0,"ocean_menu_typo_spacing_mobile":0,"ocean_menu_typo_spacing_unit":"","ocean_menu_link_color":"","ocean_menu_link_color_hover":"","ocean_menu_link_color_active":"","ocean_menu_link_background":"","ocean_menu_link_hover_background":"","ocean_menu_link_active_background":"","ocean_menu_social_links_bg":"","ocean_menu_social_hover_links_bg":"","ocean_menu_social_links_color":"","ocean_menu_social_hover_links_color":"","ocean_disable_title":"default","ocean_disable_heading":"default","ocean_post_title":"","ocean_post_subheading":"","ocean_post_title_style":"","ocean_post_title_background_color":"","ocean_post_title_background":0,"ocean_post_title_bg_image_position":"","ocean_post_title_bg_image_attachment":"","ocean_post_title_bg_image_repeat":"","ocean_post_title_bg_image_size":"","ocean_post_title_height":0,"ocean_post_title_bg_overlay":0.5,"ocean_post_title_bg_overlay_color":"","ocean_disable_breadcrumbs":"default","ocean_breadcrumbs_color":"","ocean_breadcrumbs_separator_color":"","ocean_breadcrumbs_links_color":"","ocean_breadcrumbs_links_hover_color":"","ocean_display_footer_widgets":"default","ocean_display_footer_bottom":"default","ocean_custom_footer_template":"0"},"product_brand":[],"product_cat":[400,94],"product_tag":[],"class_list":{"0":"post-18205","1":"product","2":"type-product","3":"status-publish","4":"has-post-thumbnail","6":"product_cat-beauty","7":"product_cat-mwb_gw_giftcard","8":"product_shipping_class-gutschein-pdf","10":"entry","11":"has-media","13":"first","14":"instock","15":"downloadable","16":"virtual","17":"taxable","18":"purchasable","19":"product-type-simple","20":"has-product-nav","21":"col","22":"span_1_of_4","23":"owp-content-center","24":"owp-thumbs-layout-horizontal","25":"owp-btn-normal","26":"owp-tabs-layout-section","27":"has-no-thumbnails"},"_links":{"self":[{"href":"https:\/\/badhaus-wiesbaden.de\/en\/wp-json\/wp\/v2\/product\/18205","targetHints":{"allow":["GET"]}}],"collection":[{"href":"https:\/\/badhaus-wiesbaden.de\/en\/wp-json\/wp\/v2\/product"}],"about":[{"href":"https:\/\/badhaus-wiesbaden.de\/en\/wp-json\/wp\/v2\/types\/product"}],"wp:featuredmedia":[{"embeddable":true,"href":"https:\/\/badhaus-wiesbaden.de\/en\/wp-json\/wp\/v2\/media\/18403"}],"wp:attachment":[{"href":"https:\/\/badhaus-wiesbaden.de\/en\/wp-json\/wp\/v2\/media?parent=18205"}],"wp:term":[{"taxonomy":"product_brand","embeddable":true,"href":"https:\/\/badhaus-wiesbaden.de\/en\/wp-json\/wp\/v2\/product_brand?post=18205"},{"taxonomy":"product_cat","embeddable":true,"href":"https:\/\/badhaus-wiesbaden.de\/en\/wp-json\/wp\/v2\/product_cat?post=18205"},{"taxonomy":"product_tag","embeddable":true,"href":"https:\/\/badhaus-wiesbaden.de\/en\/wp-json\/wp\/v2\/product_tag?post=18205"}],"curies":[{"name":"wp","href":"https:\/\/api.w.org\/{rel}","templated":true}]}}