{"id":5272,"date":"2020-06-08T13:39:07","date_gmt":"2020-06-08T13:39:07","guid":{"rendered":"https:\/\/badhaus-wiesbaden.de\/?post_type=product&#038;p=5272"},"modified":"2025-11-21T14:16:20","modified_gmt":"2025-11-21T13:16:20","slug":"hyapur-pure-hyaluronic-intense-serum","status":"publish","type":"product","link":"https:\/\/badhaus-wiesbaden.de\/en\/product\/hyapur-pure-hyaluronic-intense-serum\/","title":{"rendered":"hyapur\u00ae Pure Hyaluronic Intense Serum"},"content":{"rendered":"<p>Freuen Sie sich \u00fcber weniger F\u00e4ltchen, straffere, ges\u00fcnder aussehende Haut und ein verbessertes Hautbild. Bestehend aus nur drei Inhaltsstoffen \u2013 Hyaluron, Silber und gereinigtem Wasser \u2013 zieht dieses angenehm leichte Serum schnell in die Haut ein und polstert sie bei regelm\u00e4\u00dfiger Anwendung nat\u00fcrlich von innen auf. Hyaluron kann das bis zu 6.000-fache seines eigenen Gewichts an Wasser binden und so die Haut von innen aufpolstern. Silber ist bekannt f\u00fcr seine antibakterielle Wirkung und hilft dabei, den Teint zu ebnen.<br \/>\nF\u00fcr alle Hauttypen geeignet. Geeignet f\u00fcr Veganer.<\/p>\n<p>INCI: Aqua dest. (Wasser), Sodium Hyaluronate, Silver<\/p>\n<p>Jetzt in unserem Online-Shop!<\/p>","protected":false},"excerpt":{"rendered":"<p>Mit nur drei Inhaltsstoffen zu glatter, geschmeidiger Haut.<\/p>","protected":false},"featured_media":5273,"template":"","meta":{"_monsterinsights_skip_tracking":false,"_monsterinsights_sitenote_active":false,"_monsterinsights_sitenote_note":"","_monsterinsights_sitenote_category":0,"ocean_post_layout":"","ocean_both_sidebars_style":"","ocean_both_sidebars_content_width":0,"ocean_both_sidebars_sidebars_width":0,"ocean_sidebar":"0","ocean_second_sidebar":"0","ocean_disable_margins":"enable","ocean_add_body_class":"","ocean_shortcode_before_top_bar":"","ocean_shortcode_after_top_bar":"","ocean_shortcode_before_header":"","ocean_shortcode_after_header":"","ocean_has_shortcode":"","ocean_shortcode_after_title":"","ocean_shortcode_before_footer_widgets":"","ocean_shortcode_after_footer_widgets":"","ocean_shortcode_before_footer_bottom":"","ocean_shortcode_after_footer_bottom":"","ocean_display_top_bar":"default","ocean_display_header":"default","ocean_header_style":"","ocean_center_header_left_menu":"0","ocean_custom_header_template":"0","ocean_custom_logo":0,"ocean_custom_retina_logo":0,"ocean_custom_logo_max_width":0,"ocean_custom_logo_tablet_max_width":0,"ocean_custom_logo_mobile_max_width":0,"ocean_custom_logo_max_height":0,"ocean_custom_logo_tablet_max_height":0,"ocean_custom_logo_mobile_max_height":0,"ocean_header_custom_menu":"0","ocean_menu_typo_font_family":"0","ocean_menu_typo_font_subset":"","ocean_menu_typo_font_size":0,"ocean_menu_typo_font_size_tablet":0,"ocean_menu_typo_font_size_mobile":0,"ocean_menu_typo_font_size_unit":"px","ocean_menu_typo_font_weight":"","ocean_menu_typo_font_weight_tablet":"","ocean_menu_typo_font_weight_mobile":"","ocean_menu_typo_transform":"","ocean_menu_typo_transform_tablet":"","ocean_menu_typo_transform_mobile":"","ocean_menu_typo_line_height":0,"ocean_menu_typo_line_height_tablet":0,"ocean_menu_typo_line_height_mobile":0,"ocean_menu_typo_line_height_unit":"","ocean_menu_typo_spacing":0,"ocean_menu_typo_spacing_tablet":0,"ocean_menu_typo_spacing_mobile":0,"ocean_menu_typo_spacing_unit":"","ocean_menu_link_color":"","ocean_menu_link_color_hover":"","ocean_menu_link_color_active":"","ocean_menu_link_background":"","ocean_menu_link_hover_background":"","ocean_menu_link_active_background":"","ocean_menu_social_links_bg":"","ocean_menu_social_hover_links_bg":"","ocean_menu_social_links_color":"","ocean_menu_social_hover_links_color":"","ocean_disable_title":"default","ocean_disable_heading":"default","ocean_post_title":"","ocean_post_subheading":"","ocean_post_title_style":"","ocean_post_title_background_color":"","ocean_post_title_background":0,"ocean_post_title_bg_image_position":"","ocean_post_title_bg_image_attachment":"","ocean_post_title_bg_image_repeat":"","ocean_post_title_bg_image_size":"","ocean_post_title_height":0,"ocean_post_title_bg_overlay":0.5,"ocean_post_title_bg_overlay_color":"","ocean_disable_breadcrumbs":"default","ocean_breadcrumbs_color":"","ocean_breadcrumbs_separator_color":"","ocean_breadcrumbs_links_color":"","ocean_breadcrumbs_links_hover_color":"","ocean_display_footer_widgets":"default","ocean_display_footer_bottom":"default","ocean_custom_footer_template":"0"},"product_brand":[],"product_cat":[307,321],"product_tag":[],"class_list":{"0":"post-5272","1":"product","2":"type-product","3":"status-publish","4":"has-post-thumbnail","6":"product_cat-hyapur","7":"product_cat-pflegeprodukte","8":"product_shipping_class-spangdahlem","10":"entry","11":"has-media","13":"first","14":"instock","15":"taxable","16":"shipping-taxable","17":"purchasable","18":"product-type-variable","19":"has-product-nav","20":"col","21":"span_1_of_4","22":"owp-content-center","23":"owp-thumbs-layout-horizontal","24":"owp-btn-normal","25":"owp-tabs-layout-section","26":"has-no-thumbnails"},"_links":{"self":[{"href":"https:\/\/badhaus-wiesbaden.de\/en\/wp-json\/wp\/v2\/product\/5272","targetHints":{"allow":["GET"]}}],"collection":[{"href":"https:\/\/badhaus-wiesbaden.de\/en\/wp-json\/wp\/v2\/product"}],"about":[{"href":"https:\/\/badhaus-wiesbaden.de\/en\/wp-json\/wp\/v2\/types\/product"}],"wp:featuredmedia":[{"embeddable":true,"href":"https:\/\/badhaus-wiesbaden.de\/en\/wp-json\/wp\/v2\/media\/5273"}],"wp:attachment":[{"href":"https:\/\/badhaus-wiesbaden.de\/en\/wp-json\/wp\/v2\/media?parent=5272"}],"wp:term":[{"taxonomy":"product_brand","embeddable":true,"href":"https:\/\/badhaus-wiesbaden.de\/en\/wp-json\/wp\/v2\/product_brand?post=5272"},{"taxonomy":"product_cat","embeddable":true,"href":"https:\/\/badhaus-wiesbaden.de\/en\/wp-json\/wp\/v2\/product_cat?post=5272"},{"taxonomy":"product_tag","embeddable":true,"href":"https:\/\/badhaus-wiesbaden.de\/en\/wp-json\/wp\/v2\/product_tag?post=5272"}],"curies":[{"name":"wp","href":"https:\/\/api.w.org\/{rel}","templated":true}]}}