{"id":5287,"date":"2020-06-08T13:32:09","date_gmt":"2020-06-08T13:32:09","guid":{"rendered":"https:\/\/badhaus-wiesbaden.de\/?post_type=product&#038;p=5287"},"modified":"2021-03-12T08:34:25","modified_gmt":"2021-03-12T07:34:25","slug":"hyapur-hyaluron-ampullen-set","status":"publish","type":"product","link":"https:\/\/badhaus-wiesbaden.de\/en\/product\/hyapur-hyaluron-ampullen-set\/","title":{"rendered":"hyapur\u00ae Hyaluron Ampullen Set"},"content":{"rendered":"<p>Genie\u00dfen Sie praller und straffer aussehende Haut mit hochkonzentriertem Hyaluron in effektiven Ampullen. Hochmolekulares Hyaluron bindet sofort Feuchtigkeit an der Hautoberfl\u00e4che, w\u00e4hrend niedrigmolekulares Hyaluron Feuchtigkeit spendet und bei regelm\u00e4\u00dfiger Anwendung dabei hilft, die Haut nat\u00fcrlich von innen aufzupolstern. Niedrigmolekulares Hyaluron polstert die Haut nat\u00fcrlich von innen auf. Hochmolekulares Hyaluron bindet Feuchtigkeit an der Hautoberfl\u00e4che.<br \/>\nF\u00fcr alle Hauttypen geeignet. Geeignet f\u00fcr Veganer.<\/p>\n<p>INCI: Aqua (Wasser), Pentylene Glycol, Pullulan, Sodium Hyaluronate, Propanediol, Polyglyceryl-4 Caprate, Caprylhydroxamic Acid, Parfum<\/p>\n<p>Jetzt in unserem Online-Shop!<\/p>","protected":false},"excerpt":{"rendered":"<p>Hockkonzentrierte Hyalurons\u00e4ure f\u00fcr praller aussehende Haut.<\/p>","protected":false},"featured_media":5290,"template":"","meta":{"_monsterinsights_skip_tracking":false,"_monsterinsights_sitenote_active":false,"_monsterinsights_sitenote_note":"","_monsterinsights_sitenote_category":0,"ocean_post_layout":"","ocean_both_sidebars_style":"","ocean_both_sidebars_content_width":0,"ocean_both_sidebars_sidebars_width":0,"ocean_sidebar":"","ocean_second_sidebar":"","ocean_disable_margins":"enable","ocean_add_body_class":"","ocean_shortcode_before_top_bar":"","ocean_shortcode_after_top_bar":"","ocean_shortcode_before_header":"","ocean_shortcode_after_header":"","ocean_has_shortcode":"","ocean_shortcode_after_title":"","ocean_shortcode_before_footer_widgets":"","ocean_shortcode_after_footer_widgets":"","ocean_shortcode_before_footer_bottom":"","ocean_shortcode_after_footer_bottom":"","ocean_display_top_bar":"default","ocean_display_header":"default","ocean_header_style":"","ocean_center_header_left_menu":"","ocean_custom_header_template":"","ocean_custom_logo":0,"ocean_custom_retina_logo":0,"ocean_custom_logo_max_width":0,"ocean_custom_logo_tablet_max_width":0,"ocean_custom_logo_mobile_max_width":0,"ocean_custom_logo_max_height":0,"ocean_custom_logo_tablet_max_height":0,"ocean_custom_logo_mobile_max_height":0,"ocean_header_custom_menu":"","ocean_menu_typo_font_family":"","ocean_menu_typo_font_subset":"","ocean_menu_typo_font_size":0,"ocean_menu_typo_font_size_tablet":0,"ocean_menu_typo_font_size_mobile":0,"ocean_menu_typo_font_size_unit":"px","ocean_menu_typo_font_weight":"","ocean_menu_typo_font_weight_tablet":"","ocean_menu_typo_font_weight_mobile":"","ocean_menu_typo_transform":"","ocean_menu_typo_transform_tablet":"","ocean_menu_typo_transform_mobile":"","ocean_menu_typo_line_height":0,"ocean_menu_typo_line_height_tablet":0,"ocean_menu_typo_line_height_mobile":0,"ocean_menu_typo_line_height_unit":"","ocean_menu_typo_spacing":0,"ocean_menu_typo_spacing_tablet":0,"ocean_menu_typo_spacing_mobile":0,"ocean_menu_typo_spacing_unit":"","ocean_menu_link_color":"","ocean_menu_link_color_hover":"","ocean_menu_link_color_active":"","ocean_menu_link_background":"","ocean_menu_link_hover_background":"","ocean_menu_link_active_background":"","ocean_menu_social_links_bg":"","ocean_menu_social_hover_links_bg":"","ocean_menu_social_links_color":"","ocean_menu_social_hover_links_color":"","ocean_disable_title":"default","ocean_disable_heading":"default","ocean_post_title":"","ocean_post_subheading":"","ocean_post_title_style":"","ocean_post_title_background_color":"","ocean_post_title_background":0,"ocean_post_title_bg_image_position":"","ocean_post_title_bg_image_attachment":"","ocean_post_title_bg_image_repeat":"","ocean_post_title_bg_image_size":"","ocean_post_title_height":0,"ocean_post_title_bg_overlay":0.5,"ocean_post_title_bg_overlay_color":"","ocean_disable_breadcrumbs":"default","ocean_breadcrumbs_color":"","ocean_breadcrumbs_separator_color":"","ocean_breadcrumbs_links_color":"","ocean_breadcrumbs_links_hover_color":"","ocean_display_footer_widgets":"default","ocean_display_footer_bottom":"default","ocean_custom_footer_template":""},"product_brand":[],"product_cat":[307,321],"product_tag":[],"class_list":{"0":"post-5287","1":"product","2":"type-product","3":"status-publish","4":"has-post-thumbnail","6":"product_cat-hyapur","7":"product_cat-pflegeprodukte","8":"product_shipping_class-spangdahlem","10":"entry","11":"has-media","13":"first","14":"instock","15":"taxable","16":"shipping-taxable","17":"purchasable","18":"product-type-variable","19":"has-product-nav","20":"col","21":"span_1_of_4","22":"owp-content-center","23":"owp-thumbs-layout-horizontal","24":"owp-btn-normal","25":"owp-tabs-layout-section","26":"has-no-thumbnails"},"_links":{"self":[{"href":"https:\/\/badhaus-wiesbaden.de\/en\/wp-json\/wp\/v2\/product\/5287","targetHints":{"allow":["GET"]}}],"collection":[{"href":"https:\/\/badhaus-wiesbaden.de\/en\/wp-json\/wp\/v2\/product"}],"about":[{"href":"https:\/\/badhaus-wiesbaden.de\/en\/wp-json\/wp\/v2\/types\/product"}],"wp:featuredmedia":[{"embeddable":true,"href":"https:\/\/badhaus-wiesbaden.de\/en\/wp-json\/wp\/v2\/media\/5290"}],"wp:attachment":[{"href":"https:\/\/badhaus-wiesbaden.de\/en\/wp-json\/wp\/v2\/media?parent=5287"}],"wp:term":[{"taxonomy":"product_brand","embeddable":true,"href":"https:\/\/badhaus-wiesbaden.de\/en\/wp-json\/wp\/v2\/product_brand?post=5287"},{"taxonomy":"product_cat","embeddable":true,"href":"https:\/\/badhaus-wiesbaden.de\/en\/wp-json\/wp\/v2\/product_cat?post=5287"},{"taxonomy":"product_tag","embeddable":true,"href":"https:\/\/badhaus-wiesbaden.de\/en\/wp-json\/wp\/v2\/product_tag?post=5287"}],"curies":[{"name":"wp","href":"https:\/\/api.w.org\/{rel}","templated":true}]}}