{"id":5346,"date":"2020-06-08T14:46:11","date_gmt":"2020-06-08T14:46:11","guid":{"rendered":"https:\/\/badhaus-wiesbaden.de\/?post_type=product&#038;p=5346"},"modified":"2021-03-12T08:15:01","modified_gmt":"2021-03-12T07:15:01","slug":"hyapur-green-augencreme","status":"publish","type":"product","link":"https:\/\/badhaus-wiesbaden.de\/en\/product\/hyapur-green-augencreme\/","title":{"rendered":"hyapur\u00ae GREEN Augencreme"},"content":{"rendered":"<p>Bringen Sie Ihre Augenpartie zum Strahlen. Mit Sheabutter, Aloe Vera und Hyaluron bewahrt die reichhaltige Augencreme die Elastizita\u0308t und Vitalita\u0308t der Haut und strafft sie bei regelm\u00e4\u00dfiger Anwendung. Fu\u0308r weniger Fa\u0308ltchen und ein nat\u00fcrliches Strahlen. Mit nat\u00fcrlichen Inhaltsstoffen aus kontrolliert biologischem Anbau. F\u00fcr alle Hauttypen geeignet. Geeignet f\u00fcr Veganer. Sheabutter ist bekannt fu\u0308r ihre pflegenden und feuchtigkeitsspendenden Eigenschaften. Hyaluron bindet Feuchtigkeit, sorgt fu\u0308r mehr Elastizita\u0308t und geminderte Augenfa\u0308ltchen. Aloe Vera hilft, die Vitalita\u0308t der Haut zu bewahren.<\/p>\n<p>INCI: Aqua, Aloe Barbadensis Leaf Juice (Aloe Vera), Glyceryl Stearate SE, Alcohol Denat., Glycine Soja Oil (Soja), Simmondsia Chinensis Seed Oil (Jojoba), Triticum Vulgare Germ Oil (Weizenkeim), Ricinus Communis Seed Oil (Castor), Parfum, Glycerin (pflanzlich), Cetearyl Alcohol, Sodium Hyaluronate (Hyaluron), Butyrospermum Parkii Butter (Shea Butter), Rosa Canina Fruit Oil (Wildrose), Echinacea Purpurea Extract (Sonnenhut), Euphrasia Officinalis Extract (Augentrost), Calendula Officinalis Flower Oil (Ringelblume), Tocopherol (Vitamin E), Cetyl Alcohol, Xanthan Gum, Lecithin, Sodium Phytate, Citronellol, Geraniol, Limonene, Linalool<\/p>\n<p>Jetzt in unserem Online-Shop!<\/p>","protected":false},"excerpt":{"rendered":"<p>Nat\u00fcrlich strahlend.<\/p>","protected":false},"featured_media":5348,"template":"","meta":{"_monsterinsights_skip_tracking":false,"_monsterinsights_sitenote_active":false,"_monsterinsights_sitenote_note":"","_monsterinsights_sitenote_category":0,"ocean_post_layout":"","ocean_both_sidebars_style":"","ocean_both_sidebars_content_width":0,"ocean_both_sidebars_sidebars_width":0,"ocean_sidebar":"","ocean_second_sidebar":"","ocean_disable_margins":"enable","ocean_add_body_class":"","ocean_shortcode_before_top_bar":"","ocean_shortcode_after_top_bar":"","ocean_shortcode_before_header":"","ocean_shortcode_after_header":"","ocean_has_shortcode":"","ocean_shortcode_after_title":"","ocean_shortcode_before_footer_widgets":"","ocean_shortcode_after_footer_widgets":"","ocean_shortcode_before_footer_bottom":"","ocean_shortcode_after_footer_bottom":"","ocean_display_top_bar":"default","ocean_display_header":"default","ocean_header_style":"","ocean_center_header_left_menu":"","ocean_custom_header_template":"","ocean_custom_logo":0,"ocean_custom_retina_logo":0,"ocean_custom_logo_max_width":0,"ocean_custom_logo_tablet_max_width":0,"ocean_custom_logo_mobile_max_width":0,"ocean_custom_logo_max_height":0,"ocean_custom_logo_tablet_max_height":0,"ocean_custom_logo_mobile_max_height":0,"ocean_header_custom_menu":"","ocean_menu_typo_font_family":"","ocean_menu_typo_font_subset":"","ocean_menu_typo_font_size":0,"ocean_menu_typo_font_size_tablet":0,"ocean_menu_typo_font_size_mobile":0,"ocean_menu_typo_font_size_unit":"px","ocean_menu_typo_font_weight":"","ocean_menu_typo_font_weight_tablet":"","ocean_menu_typo_font_weight_mobile":"","ocean_menu_typo_transform":"","ocean_menu_typo_transform_tablet":"","ocean_menu_typo_transform_mobile":"","ocean_menu_typo_line_height":0,"ocean_menu_typo_line_height_tablet":0,"ocean_menu_typo_line_height_mobile":0,"ocean_menu_typo_line_height_unit":"","ocean_menu_typo_spacing":0,"ocean_menu_typo_spacing_tablet":0,"ocean_menu_typo_spacing_mobile":0,"ocean_menu_typo_spacing_unit":"","ocean_menu_link_color":"","ocean_menu_link_color_hover":"","ocean_menu_link_color_active":"","ocean_menu_link_background":"","ocean_menu_link_hover_background":"","ocean_menu_link_active_background":"","ocean_menu_social_links_bg":"","ocean_menu_social_hover_links_bg":"","ocean_menu_social_links_color":"","ocean_menu_social_hover_links_color":"","ocean_disable_title":"default","ocean_disable_heading":"default","ocean_post_title":"","ocean_post_subheading":"","ocean_post_title_style":"","ocean_post_title_background_color":"","ocean_post_title_background":0,"ocean_post_title_bg_image_position":"","ocean_post_title_bg_image_attachment":"","ocean_post_title_bg_image_repeat":"","ocean_post_title_bg_image_size":"","ocean_post_title_height":0,"ocean_post_title_bg_overlay":0.5,"ocean_post_title_bg_overlay_color":"","ocean_disable_breadcrumbs":"default","ocean_breadcrumbs_color":"","ocean_breadcrumbs_separator_color":"","ocean_breadcrumbs_links_color":"","ocean_breadcrumbs_links_hover_color":"","ocean_display_footer_widgets":"default","ocean_display_footer_bottom":"default","ocean_custom_footer_template":""},"product_brand":[],"product_cat":[307,321],"product_tag":[],"class_list":{"0":"post-5346","1":"product","2":"type-product","3":"status-publish","4":"has-post-thumbnail","6":"product_cat-hyapur","7":"product_cat-pflegeprodukte","8":"product_shipping_class-spangdahlem","10":"entry","11":"has-media","13":"first","14":"instock","15":"taxable","16":"shipping-taxable","17":"purchasable","18":"product-type-variable","19":"has-product-nav","20":"col","21":"span_1_of_4","22":"owp-content-center","23":"owp-thumbs-layout-horizontal","24":"owp-btn-normal","25":"owp-tabs-layout-section","26":"has-no-thumbnails"},"_links":{"self":[{"href":"https:\/\/badhaus-wiesbaden.de\/en\/wp-json\/wp\/v2\/product\/5346","targetHints":{"allow":["GET"]}}],"collection":[{"href":"https:\/\/badhaus-wiesbaden.de\/en\/wp-json\/wp\/v2\/product"}],"about":[{"href":"https:\/\/badhaus-wiesbaden.de\/en\/wp-json\/wp\/v2\/types\/product"}],"wp:featuredmedia":[{"embeddable":true,"href":"https:\/\/badhaus-wiesbaden.de\/en\/wp-json\/wp\/v2\/media\/5348"}],"wp:attachment":[{"href":"https:\/\/badhaus-wiesbaden.de\/en\/wp-json\/wp\/v2\/media?parent=5346"}],"wp:term":[{"taxonomy":"product_brand","embeddable":true,"href":"https:\/\/badhaus-wiesbaden.de\/en\/wp-json\/wp\/v2\/product_brand?post=5346"},{"taxonomy":"product_cat","embeddable":true,"href":"https:\/\/badhaus-wiesbaden.de\/en\/wp-json\/wp\/v2\/product_cat?post=5346"},{"taxonomy":"product_tag","embeddable":true,"href":"https:\/\/badhaus-wiesbaden.de\/en\/wp-json\/wp\/v2\/product_tag?post=5346"}],"curies":[{"name":"wp","href":"https:\/\/api.w.org\/{rel}","templated":true}]}}